{"id":135,"date":"2015-03-26T11:56:41","date_gmt":"2015-03-26T11:56:41","guid":{"rendered":"http:\/\/schultzoglarsen.dk\/?page_id=135"},"modified":"2019-04-11T16:54:21","modified_gmt":"2019-04-11T16:54:21","slug":"info-hvalpemotivation","status":"publish","type":"page","link":"https:\/\/spanielklubben-nordsjaelland.dk\/?page_id=135","title":{"rendered":"Hvalpemotivation"},"content":{"rendered":"<p>Om Hvalpemotivation<\/p>\n<p>Tanken med hvalpemotivation er at, give dig og din hvalp en god start p\u00e5 tr\u00e6nings aktiviteten.<br \/>\nHoldet har max 6 deltagere og focus ligger p\u00e5 socialiseringen af- og kontakten til hvalpen.<\/p>\n<p>Det er p\u00e5 dette stadie af hvalpens alder, at du skal skabe den gode trygge kontakt, derfor bruger vi legen for at f\u00e5 samarbejdet ind i tr\u00e6ningen. Det er her i danner\u00a0 grundlaget, for jeres fremtidige samarbejde p\u00e5 tr\u00e6nings plads.<\/p>\n<p>Vi bruger masser af godbidder og hvalpens leget\u00f8j i \u00f8velserne. Tr\u00e6ningen skal nemlig v\u00e6re en leg.<\/p>\n","protected":false},"excerpt":{"rendered":"<p>Om Hvalpemotivation Tanken med hvalpemotivation er at, give dig og din hvalp en god start p\u00e5 tr\u00e6nings aktiviteten. Holdet har max 6 deltagere og focus ligger p\u00e5 socialiseringen af- og kontakten til hvalpen. Det er p\u00e5 dette stadie af hvalpens alder, at du skal skabe den gode trygge kontakt, derfor bruger vi legen for at &hellip; <a href=\"https:\/\/spanielklubben-nordsjaelland.dk\/?page_id=135\" class=\"more-link\">L\u00e6s videre <span class=\"screen-reader-text\">Hvalpemotivation<\/span> <span class=\"meta-nav\">&rarr;<\/span><\/a><\/p>\n","protected":false},"author":2,"featured_media":0,"parent":66,"menu_order":0,"comment_status":"closed","ping_status":"closed","template":"","meta":{"footnotes":""},"class_list":["post-135","page","type-page","status-publish","hentry"],"_links":{"self":[{"href":"https:\/\/spanielklubben-nordsjaelland.dk\/index.php?rest_route=\/wp\/v2\/pages\/135","targetHints":{"allow":["GET"]}}],"collection":[{"href":"https:\/\/spanielklubben-nordsjaelland.dk\/index.php?rest_route=\/wp\/v2\/pages"}],"about":[{"href":"https:\/\/spanielklubben-nordsjaelland.dk\/index.php?rest_route=\/wp\/v2\/types\/page"}],"author":[{"embeddable":true,"href":"https:\/\/spanielklubben-nordsjaelland.dk\/index.php?rest_route=\/wp\/v2\/users\/2"}],"replies":[{"embeddable":true,"href":"https:\/\/spanielklubben-nordsjaelland.dk\/index.php?rest_route=%2Fwp%2Fv2%2Fcomments&post=135"}],"version-history":[{"count":5,"href":"https:\/\/spanielklubben-nordsjaelland.dk\/index.php?rest_route=\/wp\/v2\/pages\/135\/revisions"}],"predecessor-version":[{"id":2719,"href":"https:\/\/spanielklubben-nordsjaelland.dk\/index.php?rest_route=\/wp\/v2\/pages\/135\/revisions\/2719"}],"up":[{"embeddable":true,"href":"https:\/\/spanielklubben-nordsjaelland.dk\/index.php?rest_route=\/wp\/v2\/pages\/66"}],"wp:attachment":[{"href":"https:\/\/spanielklubben-nordsjaelland.dk\/index.php?rest_route=%2Fwp%2Fv2%2Fmedia&parent=135"}],"curies":[{"name":"wp","href":"https:\/\/api.w.org\/{rel}","templated":true}]}}