{"id":1532,"date":"2016-07-07T19:29:11","date_gmt":"2016-07-07T19:29:11","guid":{"rendered":"http:\/\/spanielklubben-nordsjaelland.dk\/?page_id=1532"},"modified":"2019-04-12T14:17:09","modified_gmt":"2019-04-12T14:17:09","slug":"grunddressur","status":"publish","type":"page","link":"https:\/\/spanielklubben-nordsjaelland.dk\/?page_id=1532","title":{"rendered":"Grunddressur"},"content":{"rendered":"<p>GRUNDDRESSUR.<\/p>\n<p>P\u00e5 grunddressur holdet bygger vi videre p\u00e5 den gode kontakt der er blevet etableret mellem dig og din hvalp. Dette bliver om noget en endnu st\u00f8rre del af tr\u00e6ningen p\u00e5 grunddressur holdet. Den lille hvalp er nu blevet en unghund med de udfordringer det f\u00f8rer med sig. Hunden bliver mere selvst\u00e6ndig og mere udforskende og det er derfor vigtigt, at vi som ejere bliver ved med at tr\u00e6ne kontakten mellem hund og ejer i denne periode. Men i takt med at hunden bliver \u00e6ldre kan vi ogs\u00e5 tillade os at stille flere krav til hunden. P\u00e5 grunddressur holdet l\u00e6rer du, hvordan du tr\u00e6ner din hund s\u00e5 den g\u00e5r p\u00e6nt p\u00e5 plads, b\u00e5de med og uden snor p\u00e5, n\u00e5r I er ude at g\u00e5 tur. I vil ogs\u00e5 \u00f8ve at s\u00e6tte eller d\u00e6kke hunden af, hvor efter I bev\u00e6ger jer v\u00e6k fra hunden og hunden bliver p\u00e5 stedet. Sidst vil der ogs\u00e5 v\u00e6re fokus p\u00e5 de f\u00f8rste trin til at l\u00e6re hunden at apportere, alts\u00e5 finde og tage apporten op\u00a0frivilligt\u00a0&#8211; holde \/\u00a0g\u00e5 med den\u00a0og frivillig aflevering.<br \/>\nDer tr\u00e6nes med masser af godbidder og meget gerne med leget\u00f8j. Det skal v\u00e6re sjovt at tr\u00e6ne og hunden skal altid v\u00e6re glad. <\/p>\n<p>Alle de \u00f8velser som der tr\u00e6nes p\u00e5 grunddressur holdet vil v\u00e6re noget I f\u00e5r gavn af i hverdagen, men de er ogs\u00e5 grundlaget for dressur 1 pr\u00f8ven se reglerne <a href=\"http:\/\/spanielklubben.dk\/uf\/110000_119999\/111251\/2e6caed8bb9941990c56ea9d3255807c.pdf\" target=\"_blank\" rel=\"noopener noreferrer\">HER<\/a>, som man kan tage hvis man \u00f8nsker det.<\/p>\n","protected":false},"excerpt":{"rendered":"<p>GRUNDDRESSUR. P\u00e5 grunddressur holdet bygger vi videre p\u00e5 den gode kontakt der er blevet etableret mellem dig og din hvalp. Dette bliver om noget en endnu st\u00f8rre del af tr\u00e6ningen p\u00e5 grunddressur holdet. Den lille hvalp er nu blevet en unghund med de udfordringer det f\u00f8rer med sig. Hunden bliver mere selvst\u00e6ndig og mere udforskende &hellip; <a href=\"https:\/\/spanielklubben-nordsjaelland.dk\/?page_id=1532\" class=\"more-link\">L\u00e6s videre <span class=\"screen-reader-text\">Grunddressur<\/span> <span class=\"meta-nav\">&rarr;<\/span><\/a><\/p>\n","protected":false},"author":2,"featured_media":0,"parent":66,"menu_order":30,"comment_status":"closed","ping_status":"closed","template":"","meta":{"footnotes":""},"class_list":["post-1532","page","type-page","status-publish","hentry"],"_links":{"self":[{"href":"https:\/\/spanielklubben-nordsjaelland.dk\/index.php?rest_route=\/wp\/v2\/pages\/1532","targetHints":{"allow":["GET"]}}],"collection":[{"href":"https:\/\/spanielklubben-nordsjaelland.dk\/index.php?rest_route=\/wp\/v2\/pages"}],"about":[{"href":"https:\/\/spanielklubben-nordsjaelland.dk\/index.php?rest_route=\/wp\/v2\/types\/page"}],"author":[{"embeddable":true,"href":"https:\/\/spanielklubben-nordsjaelland.dk\/index.php?rest_route=\/wp\/v2\/users\/2"}],"replies":[{"embeddable":true,"href":"https:\/\/spanielklubben-nordsjaelland.dk\/index.php?rest_route=%2Fwp%2Fv2%2Fcomments&post=1532"}],"version-history":[{"count":4,"href":"https:\/\/spanielklubben-nordsjaelland.dk\/index.php?rest_route=\/wp\/v2\/pages\/1532\/revisions"}],"predecessor-version":[{"id":2726,"href":"https:\/\/spanielklubben-nordsjaelland.dk\/index.php?rest_route=\/wp\/v2\/pages\/1532\/revisions\/2726"}],"up":[{"embeddable":true,"href":"https:\/\/spanielklubben-nordsjaelland.dk\/index.php?rest_route=\/wp\/v2\/pages\/66"}],"wp:attachment":[{"href":"https:\/\/spanielklubben-nordsjaelland.dk\/index.php?rest_route=%2Fwp%2Fv2%2Fmedia&parent=1532"}],"curies":[{"name":"wp","href":"https:\/\/api.w.org\/{rel}","templated":true}]}}