{"id":2655,"date":"2019-02-02T14:13:53","date_gmt":"2019-02-02T14:13:53","guid":{"rendered":"http:\/\/spanielklubben-nordsjaelland.dk\/?page_id=2655"},"modified":"2026-02-14T10:18:29","modified_gmt":"2026-02-14T10:18:29","slug":"generalforsamling-2019","status":"publish","type":"page","link":"https:\/\/spanielklubben-nordsjaelland.dk\/?page_id=2655","title":{"rendered":"Generalforsamling 2019"},"content":{"rendered":"\r\n<h1 class=\"wp-block-heading\">Referat af generalforsamling i Spaniel Klubben Region Nordsj\u00e6lland.<\/h1>\r\n\r\n\r\n\r\n<p>Dato og tispunkt:\u00a0\u00a0\u00a0\u00a0\u00a0\u00a0\u00a0\u00a0\u00a0\u00a0\u00a0\u00a0\u00a0\u00a0\u00a0 15. Januar 2019 kl. 19.30<\/p>\r\n\r\n\r\n\r\n<p>Sted: \u00a0\u00a0\u00a0\u00a0\u00a0\u00a0\u00a0\u00a0\u00a0\u00a0\u00a0\u00a0\u00a0\u00a0\u00a0\u00a0\u00a0\u00a0\u00a0\u00a0\u00a0\u00a0\u00a0\u00a0\u00a0\u00a0\u00a0\u00a0\u00a0\u00a0\u00a0\u00a0\u00a0\u00a0\u00a0 Skydebanen, Slangerup<\/p>\r\n\r\n\r\n\r\n<p><strong>Fremm\u00f8dt var:<br \/><\/strong>Amanda Schultz, Dorthe Schultz-Larsen, Lene Kloch, Nina Lambert-Nielsen, Mads Jepsen, Michael Schultz-Larsen, Michael Hammerich, Steen \u201dSkipper\u201d Lund, Julia Schumann, Niels Peter Kloch,\u00a0 Arne Moss, Michael Schouboe, Liselotte Brinck, Freja K\u00f8nig, Inge Nielsen<\/p>\r\n\r\n\r\n\r\n<p>Formand Michael Hammerich b\u00f8d velkommen.<\/p>\r\n\r\n\r\n\r\n<p><strong>Valg af dirigent:<br \/><\/strong>Niels Peter Kloch blev valgt som dirigent (uden modkandidat)<\/p>\r\n\r\n\r\n\r\n<p><strong>Valg af stemmet\u00e6ller:<br \/><\/strong>Amanda Schultz blev valgt som stemmet\u00e6ller (uden modkandidat)<\/p>\r\n\r\n\r\n\r\n<p><strong>Valg af referent: <\/strong><\/p>\r\n\r\n\r\n\r\n<p>Inge Nielsen blev valgt som referent (uden modkandidat)<\/p>\r\n\r\n\r\n\r\n<p>Dirigenten konstaterede, at generalforsamlingen var lovligt indkaldt og gav herefter ordet til formanden:<br \/><br \/><strong>Formandens beretning v\/formand Michael Hammerich:<br \/><\/strong>&#8211; Beretningen vedl\u00e6gges som bilag.<\/p>\r\n\r\n\r\n\r\n<p>Formanden takkede for et \u00e5r med et h\u00f8jt aktivitetsniveau.<\/p>\r\n\r\n\r\n\r\n<p><strong>Januar:<\/strong> <br \/>Vi m\u00e5tte desv\u00e6rre droppe vores ellers popul\u00e6re Dinnerskue, da muligheden for at benytte skolen i Slangerup pludselig blev meget kostbar og at vi derfor ikke kunne forsvare det \u00f8konomisk.<br \/><strong>Februar + marts:<\/strong><br \/>Vintertr\u00e6ning i regionen for hvalpe, grunddressur, jagttr\u00e6ning b\u00e5de begyndere og \u00f8vede.<\/p>\r\n\r\n\r\n\r\n<p><strong>April + maj:<\/strong><br \/>For\u00e5rstr\u00e6ning i Slangerup med ca 40 hunde. Tak til tr\u00e6nerene.<br \/><strong>Juni:<\/strong><br \/>Afslutning med Regiondag i Slangerup.<br \/>Dressurpr\u00f8ver, apportering, Land &amp; Vand, Apporteringspr\u00f8ve og Skue. Dagen blev afsluttet med f\u00e6llesspisning.<br \/><strong>August \u2013 september\/Oktober<\/strong><br \/>Efter\u00e5rstr\u00e6ning i Slangerup med et meget stort antal hunde.<br \/>Desv\u00e6rre m\u00e5tte vi ogs\u00e5 aflyse vores efter\u00e5rsskue, da det ikke lykkedes at finde nye velegnede lokaler.<\/p>\r\n\r\n\r\n\r\n<p><strong>September:<\/strong><br \/>Vi valgte for f\u00f8rste gang at deltage aktivt p\u00e5 Store Hestedag i Roskilde med en stand for at promovere vores race. \u00d8konomisk var det ikke godt, men vi fik meget positiv respons og planl\u00e6gger at deltage igen i 2019 eventuelt sammen med Spaniel Klubben.<br \/>En ny aktivitet \u201dBrug Legen\u201d blev afpr\u00f8vet og da holdet blev en stor succes, gentager vi arrangementet i januar 2019.<br \/><strong>Oktober:<\/strong><\/p>\r\n\r\n\r\n\r\n<p>For f\u00f8rste gang i flere \u00e5r kunne vi afholde en pr\u00f8vedag i efter\u00e5ret.<br \/>Et stort antal hunde var tilmeldt Dressur 1 +2,\u00a0 Apportering og Sl\u00e6b og Apportering.<br \/>En stor tak til de frivillige, som knoklede for at f\u00e5 banerne i orden og g\u00f8re dagen til en succes.<br \/>Dagen blev afsluttet med f\u00e6llesspisning.<br \/><br \/>Bestyrelsen har afholdt 5 bestyrelsesm\u00f8der, adskillige tr\u00e6ner- og planl\u00e6gningsm\u00f8der samt deltagelse i HB m\u00f8de i Spanielklubben.<\/p>\r\n\r\n\r\n\r\n<p>6 af regionens tr\u00e6nere har deltaget i et uddannelsesforl\u00f8b, som blev udbudt af Spaniel Klubbens Brugshundeudvalg. Dette har v\u00e6ret en stor udgift for regionen, men alle er enige om, at hver en krone er godt givet ud, og vi vil fortsat fors\u00f8ge at skabe \u00f8konomi til at uddanne vores tr\u00e6nere<\/p>\r\n\r\n\r\n\r\n<p>En stor tak til alle som har hjulpet gennem \u00e5ret.<\/p>\r\n\r\n\r\n\r\n<p><strong>Freml\u00e6ggelse af regnskab v\/Michael Hammerich:<\/strong><\/p>\r\n\r\n\r\n\r\n<p>Amanda Schultz, som er intern revisor, har gennemg\u00e5et og godkendt regnskabet.<br \/>Regnskabet viser et overskud p\u00e5 23.393,- kr, som skyldes et meget h\u00f8jt aktivitetsniveau.<\/p>\r\n\r\n\r\n\r\n<p>Mht underskud p\u00e5 St. Hestedag var der enighed om, at vi kan genbruge brochure, som var den store udgiftspost.<br \/>Et medlem efterlyste sidste \u00e5rs tal, s\u00e5 man kunne sammenligne.<br \/>Regnskabet blev godkendt af generalforsamlingen.<\/p>\r\n\r\n\r\n\r\n<p><strong>Indkomne forslag.<br \/><\/strong>Der er ikke kommet forslag.<\/p>\r\n\r\n\r\n\r\n<p><strong>Valg af bestyrelsesmedlemmer:<br \/><\/strong>P\u00e5 valg var:<br \/>Dorthe Schultz-Larsen \u2013 blev genvalgt<\/p>\r\n\r\n\r\n\r\n<p>Inge Nielsen \u2013 blev genvalgt<\/p>\r\n\r\n\r\n\r\n<p>Lene Kloch \u2013 blev genvalgt<\/p>\r\n\r\n\r\n\r\n<p>Bestyrelsen konstituerer sig p\u00e5 f\u00f8rstkommende bestyrelsesm\u00f8de.<\/p>\r\n\r\n\r\n\r\n<p><strong>Valg af suppleanter:<br \/><\/strong>Valgt blev:<br \/>Nina Nielsen<br \/>Erik Petersen<\/p>\r\n\r\n\r\n\r\n<p><strong>Valg af revisor:<br \/><\/strong>Amanda Schultz blev genvalgt.<\/p>\r\n\r\n\r\n\r\n<p><strong>Eventuelt:<\/strong><\/p>\r\n\r\n\r\n\r\n<p>Der var en god snak omkring vores tr\u00e6ning, og hvorledes vi har valgt at prioritere antallet af tr\u00e6ningspladser og ventelister.<br \/>Vi har i 2018 m\u00e5tte oprette ventelister, og vi har valgt at nuv\u00e6rende kursister har fortrinsret til n\u00e6ste kursus.<br \/>Vi udsender mail til alle, der har deltaget p\u00e5 et kursus og tilbyder dem et videre forl\u00f8b. S\u00e5fremt der er ledige pladser, vil disse blive opsl\u00e5et p\u00e5 hjemmesiden og i vores Facebookgruppe.<br \/>Der var flere medlemmer, der tilb\u00f8d sig som \u201dpraktisk gris\u201d til vores arrangementer. Tak for det.<br \/>Generalforsamlingen sluttede kl 20.35 og dirigenten takkede for god ro og orden.<\/p>\r\n\r\n\r\n\r\n<p>Referat Inge Nielsen<\/p>\r\n\r\n\r\n\r\n<p>Dirigent Niels Peter Kloch<\/p>\r\n","protected":false},"excerpt":{"rendered":"<p>Referat af generalforsamling i Spaniel Klubben Region Nordsj\u00e6lland. Dato og tispunkt:\u00a0\u00a0\u00a0\u00a0\u00a0\u00a0\u00a0\u00a0\u00a0\u00a0\u00a0\u00a0\u00a0\u00a0\u00a0 15. Januar 2019 kl. 19.30 Sted: \u00a0\u00a0\u00a0\u00a0\u00a0\u00a0\u00a0\u00a0\u00a0\u00a0\u00a0\u00a0\u00a0\u00a0\u00a0\u00a0\u00a0\u00a0\u00a0\u00a0\u00a0\u00a0\u00a0\u00a0\u00a0\u00a0\u00a0\u00a0\u00a0\u00a0\u00a0\u00a0\u00a0\u00a0\u00a0 Skydebanen, Slangerup Fremm\u00f8dt var:Amanda Schultz, Dorthe Schultz-Larsen, Lene Kloch, Nina Lambert-Nielsen, Mads Jepsen, Michael Schultz-Larsen, Michael Hammerich, Steen \u201dSkipper\u201d Lund, Julia Schumann, Niels Peter Kloch,\u00a0 Arne Moss, Michael Schouboe, Liselotte Brinck, Freja K\u00f8nig, Inge Nielsen Formand Michael &hellip; <a href=\"https:\/\/spanielklubben-nordsjaelland.dk\/?page_id=2655\" class=\"more-link\">L\u00e6s videre <span class=\"screen-reader-text\">Generalforsamling 2019<\/span> <span class=\"meta-nav\">&rarr;<\/span><\/a><\/p>\n","protected":false},"author":2,"featured_media":0,"parent":1962,"menu_order":0,"comment_status":"closed","ping_status":"closed","template":"","meta":{"footnotes":""},"class_list":["post-2655","page","type-page","status-publish","hentry"],"_links":{"self":[{"href":"https:\/\/spanielklubben-nordsjaelland.dk\/index.php?rest_route=\/wp\/v2\/pages\/2655","targetHints":{"allow":["GET"]}}],"collection":[{"href":"https:\/\/spanielklubben-nordsjaelland.dk\/index.php?rest_route=\/wp\/v2\/pages"}],"about":[{"href":"https:\/\/spanielklubben-nordsjaelland.dk\/index.php?rest_route=\/wp\/v2\/types\/page"}],"author":[{"embeddable":true,"href":"https:\/\/spanielklubben-nordsjaelland.dk\/index.php?rest_route=\/wp\/v2\/users\/2"}],"replies":[{"embeddable":true,"href":"https:\/\/spanielklubben-nordsjaelland.dk\/index.php?rest_route=%2Fwp%2Fv2%2Fcomments&post=2655"}],"version-history":[{"count":2,"href":"https:\/\/spanielklubben-nordsjaelland.dk\/index.php?rest_route=\/wp\/v2\/pages\/2655\/revisions"}],"predecessor-version":[{"id":2912,"href":"https:\/\/spanielklubben-nordsjaelland.dk\/index.php?rest_route=\/wp\/v2\/pages\/2655\/revisions\/2912"}],"up":[{"embeddable":true,"href":"https:\/\/spanielklubben-nordsjaelland.dk\/index.php?rest_route=\/wp\/v2\/pages\/1962"}],"wp:attachment":[{"href":"https:\/\/spanielklubben-nordsjaelland.dk\/index.php?rest_route=%2Fwp%2Fv2%2Fmedia&parent=2655"}],"curies":[{"name":"wp","href":"https:\/\/api.w.org\/{rel}","templated":true}]}}