{"id":2704,"date":"2019-04-11T15:40:36","date_gmt":"2019-04-11T15:40:36","guid":{"rendered":"http:\/\/spanielklubben-nordsjaelland.dk\/?page_id=2704"},"modified":"2019-04-12T13:52:09","modified_gmt":"2019-04-12T13:52:09","slug":"bliv-klar-til-grunddressur","status":"publish","type":"page","link":"https:\/\/spanielklubben-nordsjaelland.dk\/?page_id=2704","title":{"rendered":"Bliv klar til Grunddressur"},"content":{"rendered":"<p>Om bliv klar til Grunddressur<\/p>\n<p>Nu er din hvalp klar til flere og h\u00f8jere krav i tr\u00e6ningen men samtidig er hvalpen p\u00e5 vej i teenagerperioden, hvor koncentrationen begynder at svigte.<br \/>\nDerfor er det vigtigt, at tr\u00e6ningen fors\u00e6tter men ogs\u00e5 at kravene i tr\u00e6ningen af hunden, ikke bliver st\u00f8rrende end den altid oplever succes.<br \/>\nVi fors\u00e6tter tr\u00e6ningen af:<br \/>\nKontakten som er s\u00e5 vigtig i denne fase af hundens liv.<br \/>\nLinef\u00f8ring, indkaldet, sit, d\u00e6k samt grundprincipperne i apportering.<\/p>\n<p>Vi bruger masser af godbidder og leget\u00f8j for at fastholde den positive tr\u00e6ning. <\/p>\n","protected":false},"excerpt":{"rendered":"<p>Om bliv klar til Grunddressur Nu er din hvalp klar til flere og h\u00f8jere krav i tr\u00e6ningen men samtidig er hvalpen p\u00e5 vej i teenagerperioden, hvor koncentrationen begynder at svigte. Derfor er det vigtigt, at tr\u00e6ningen fors\u00e6tter men ogs\u00e5 at kravene i tr\u00e6ningen af hunden, ikke bliver st\u00f8rrende end den altid oplever succes. Vi fors\u00e6tter &hellip; <a href=\"https:\/\/spanielklubben-nordsjaelland.dk\/?page_id=2704\" class=\"more-link\">L\u00e6s videre <span class=\"screen-reader-text\">Bliv klar til Grunddressur<\/span> <span class=\"meta-nav\">&rarr;<\/span><\/a><\/p>\n","protected":false},"author":2,"featured_media":0,"parent":66,"menu_order":20,"comment_status":"closed","ping_status":"closed","template":"","meta":{"footnotes":""},"class_list":["post-2704","page","type-page","status-publish","hentry"],"_links":{"self":[{"href":"https:\/\/spanielklubben-nordsjaelland.dk\/index.php?rest_route=\/wp\/v2\/pages\/2704","targetHints":{"allow":["GET"]}}],"collection":[{"href":"https:\/\/spanielklubben-nordsjaelland.dk\/index.php?rest_route=\/wp\/v2\/pages"}],"about":[{"href":"https:\/\/spanielklubben-nordsjaelland.dk\/index.php?rest_route=\/wp\/v2\/types\/page"}],"author":[{"embeddable":true,"href":"https:\/\/spanielklubben-nordsjaelland.dk\/index.php?rest_route=\/wp\/v2\/users\/2"}],"replies":[{"embeddable":true,"href":"https:\/\/spanielklubben-nordsjaelland.dk\/index.php?rest_route=%2Fwp%2Fv2%2Fcomments&post=2704"}],"version-history":[{"count":4,"href":"https:\/\/spanielklubben-nordsjaelland.dk\/index.php?rest_route=\/wp\/v2\/pages\/2704\/revisions"}],"predecessor-version":[{"id":2723,"href":"https:\/\/spanielklubben-nordsjaelland.dk\/index.php?rest_route=\/wp\/v2\/pages\/2704\/revisions\/2723"}],"up":[{"embeddable":true,"href":"https:\/\/spanielklubben-nordsjaelland.dk\/index.php?rest_route=\/wp\/v2\/pages\/66"}],"wp:attachment":[{"href":"https:\/\/spanielklubben-nordsjaelland.dk\/index.php?rest_route=%2Fwp%2Fv2%2Fmedia&parent=2704"}],"curies":[{"name":"wp","href":"https:\/\/api.w.org\/{rel}","templated":true}]}}