{"id":2710,"date":"2019-04-11T15:43:54","date_gmt":"2019-04-11T15:43:54","guid":{"rendered":"http:\/\/spanielklubben-nordsjaelland.dk\/?page_id=2710"},"modified":"2019-04-12T14:32:49","modified_gmt":"2019-04-12T14:32:49","slug":"jagttraening-for-begynder","status":"publish","type":"page","link":"https:\/\/spanielklubben-nordsjaelland.dk\/?page_id=2710","title":{"rendered":"Jagttr\u00e6ning for begynder"},"content":{"rendered":"<p>Om Jagttr\u00e6ning for begynder<\/p>\n<p>Her tr\u00e6ner vi videre p\u00e5 apporteringen med endnu flere udfordringer og krav blandt andet med vildt.<br \/>\nVi tr\u00e6ner de fl\u00f8jtesignaler du skal bruge til en apporterings- eller markpr\u00f8ve.<br \/>\nDer bliver tr\u00e6net, ro i opfl\u00f8jet og for l\u00f8bende vildt.<br \/>\nDer tr\u00e6nes apportering p\u00e5 vand.<br \/>\nVi tr\u00e6ner flere forskellige steder for, at give hundene udfordringer.<\/p>\n<p>Vi tr\u00e6ner med masser af godbidder og meget gerne med leget\u00f8j som bel\u00f8nning, alt tr\u00e6ning skal forg\u00e5 med gl\u00e6de.<\/p>\n","protected":false},"excerpt":{"rendered":"<p>Om Jagttr\u00e6ning for begynder Her tr\u00e6ner vi videre p\u00e5 apporteringen med endnu flere udfordringer og krav blandt andet med vildt. Vi tr\u00e6ner de fl\u00f8jtesignaler du skal bruge til en apporterings- eller markpr\u00f8ve. Der bliver tr\u00e6net, ro i opfl\u00f8jet og for l\u00f8bende vildt. Der tr\u00e6nes apportering p\u00e5 vand. Vi tr\u00e6ner flere forskellige steder for, at give &hellip; <a href=\"https:\/\/spanielklubben-nordsjaelland.dk\/?page_id=2710\" class=\"more-link\">L\u00e6s videre <span class=\"screen-reader-text\">Jagttr\u00e6ning for begynder<\/span> <span class=\"meta-nav\">&rarr;<\/span><\/a><\/p>\n","protected":false},"author":2,"featured_media":0,"parent":66,"menu_order":35,"comment_status":"closed","ping_status":"closed","template":"","meta":{"footnotes":""},"class_list":["post-2710","page","type-page","status-publish","hentry"],"_links":{"self":[{"href":"https:\/\/spanielklubben-nordsjaelland.dk\/index.php?rest_route=\/wp\/v2\/pages\/2710","targetHints":{"allow":["GET"]}}],"collection":[{"href":"https:\/\/spanielklubben-nordsjaelland.dk\/index.php?rest_route=\/wp\/v2\/pages"}],"about":[{"href":"https:\/\/spanielklubben-nordsjaelland.dk\/index.php?rest_route=\/wp\/v2\/types\/page"}],"author":[{"embeddable":true,"href":"https:\/\/spanielklubben-nordsjaelland.dk\/index.php?rest_route=\/wp\/v2\/users\/2"}],"replies":[{"embeddable":true,"href":"https:\/\/spanielklubben-nordsjaelland.dk\/index.php?rest_route=%2Fwp%2Fv2%2Fcomments&post=2710"}],"version-history":[{"count":3,"href":"https:\/\/spanielklubben-nordsjaelland.dk\/index.php?rest_route=\/wp\/v2\/pages\/2710\/revisions"}],"predecessor-version":[{"id":2724,"href":"https:\/\/spanielklubben-nordsjaelland.dk\/index.php?rest_route=\/wp\/v2\/pages\/2710\/revisions\/2724"}],"up":[{"embeddable":true,"href":"https:\/\/spanielklubben-nordsjaelland.dk\/index.php?rest_route=\/wp\/v2\/pages\/66"}],"wp:attachment":[{"href":"https:\/\/spanielklubben-nordsjaelland.dk\/index.php?rest_route=%2Fwp%2Fv2%2Fmedia&parent=2710"}],"curies":[{"name":"wp","href":"https:\/\/api.w.org\/{rel}","templated":true}]}}