{"id":2818,"date":"2022-02-16T06:24:02","date_gmt":"2022-02-16T06:24:02","guid":{"rendered":"https:\/\/spanielklubben-nordsjaelland.dk\/?page_id=2818"},"modified":"2022-02-16T06:40:01","modified_gmt":"2022-02-16T06:40:01","slug":"generalforsamling-2022","status":"publish","type":"page","link":"https:\/\/spanielklubben-nordsjaelland.dk\/?page_id=2818","title":{"rendered":"Generalforsamling 2022"},"content":{"rendered":"<h1 style=\"text-align: center;\"><strong>Generalforsamling 18-Jan-2022<\/strong><\/h1>\n<h3 style=\"text-align: center;\"><strong>Spanielklubben Nordsj\u00e6lland<\/strong><\/h3>\n<h3 style=\"text-align: center;\"><strong>Referat<\/strong><\/h3>\n<p>&nbsp;<\/p>\n<p>Referent: Michael Schousboe<\/p>\n<p>Dato: 18-Jan-2022<\/p>\n<h1>Agenda\/ Dagsorden<\/h1>\n<ol>\n<li>Valg af dirigent<\/li>\n<li>Valg af stemmet\u00e6llere<\/li>\n<li>Formandens beretning v\/Dorthe Schultz-Larsen<\/li>\n<li>Kassereren freml\u00e6gger regnskabet v\/ Amanda Schultz og Torben Petersen<\/li>\n<li>Behandling af indkomne forslag<\/li>\n<li>Valg af regions bestyrelsesmedlemmer<\/li>\n<li>Valg af suppleanter og revisor<\/li>\n<li>Eventuelt<\/li>\n<\/ol>\n<h1>Valg af Dirigent<\/h1>\n<p>Bestyrelsen foreslog Michael Hammerich som dirigent, og Generalforsamlingen valgte Michael.<\/p>\n<p>Dirigenten kunne konstatere at generalforsamlingen var lovligt indkaldt, og at en referent var blevet udpeget (Michael Schousboe).<\/p>\n<h1>Valg af stemmet\u00e6llere<\/h1>\n<p>Generalforsamlingen valgte Torben Petersen som stemmet\u00e6ller.<\/p>\n<h1>Formandens beretning v\/Dorthe Schultz-Larsen<\/h1>\n<p>Formanden fremlagde sin beretning om klubbens aktiviteter (vedlagt). Beretningen blev enstemmigt godkendt.<\/p>\n<blockquote><p>Formandsberetning til Spanielklubben Region Nordsj\u00e6llands \u00a0\u00a0\u00a0\u00a0\u00a0\u00a0Generalforsamling 18. januar 2022<\/p>\n<p>Corona flyttede med ind i 2021 men vi erfaringer med overholdelse af restriktioner, anbefalede sikkerhedsafstande samt forsamlingsantal b\u00e5de til tr\u00e6ningen men ogs\u00e5 til afholdelse af pr\u00f8ver. Alle udfordringer blev l\u00f8st flot og forsvarligt, til hvert arrangement s\u00e5 alle kunne f\u00f8le sig trygge og passe p\u00e5 hinanden.<\/p>\n<p>Generalforsamlingen m\u00e5tte flyttes fra januar til juni pga. nedlukning og restriktionerne.<\/p>\n<p>Vintertr\u00e6ningen blev afholdt med stor deltagelse og i samarbejde med region 3. Alle s\u00f8ndage i februar og f\u00f8rste s\u00f8ndag i marts. Det var alle hold der tr\u00e6nede. \u00a0Vi tr\u00e6nede heroppe i vores egen region og p\u00e5 forskellige arealer i region 3. Det er et samarbejde som b\u00e5de vi og region 3 er utrolig glade for.<\/p>\n<p>I marts var der igen mulighed for at samles s\u00e5 regionen slog Brug legen kurser og op over et par l\u00f8rdage i marts. Der var fuldt hus begge gange. Det var nogle meget tr\u00e6tte hunde der tog hjem efter en lang og intens dag.<\/p>\n<p>I slutningen af april var det s\u00e5 muligt igen at tr\u00e6ne\/samles udenfor i sm\u00e5 grupper. Tirsdag 28. april kl. 17:00 stod tr\u00e6nerne klar til, at modtage holdene p\u00e5 tr\u00e6ningspladsen. Tr\u00e6ningen blev afholdt med stor deltagelse endnu engang p\u00e5 alle holdene.<\/p>\n<p>For\u00e5rs tr\u00e6ningen blev afsluttet med Regions dag 29. maj 2021 Der var \u00e5bnet for pr\u00f8ver i, Dressur 1 og 2, Land &amp; vand, Apportering samt Sl\u00e6b og apportering og selvf\u00f8lgelig sjove udfordringer til b\u00f8rn og hund.<\/p>\n<p>Det var en superhyggelig og meget aktiv dag, med en lang deltagerliste.\u00a0 Regionens vandrepokaler blev i pr\u00f8verne, Land &amp; vand, Apportering, \u00a0Sl\u00e6b og apportering, Dressur 1 og 2 ligeledes blev N\u00f8ddekn\u00e6kkeren uddelt. Der var gang i minipr\u00f8ver, bamsegrib og der var fl\u00e6skestegssandwich som traditionen foreskriver.<\/p>\n<p>En velfortjent sommerferie blev afholdt og inden opstarten af efter\u00e5rs tr\u00e6ningen, takkede Erik og Niels Peter af som tr\u00e6nere da de begge nu ikke l\u00e6ngere bor i regionen. Vi siger tak for deres arbejde og \u00f8nsker dem held og lykke med tr\u00e6ningen i Region K\u00f8benhavn og Midtsj\u00e6lland.<\/p>\n<p>Sidst i august startede vi tr\u00e6ningen op, med alle hold fyldt, af dejlige og glade spaniels med deres ejere. Alle baner inkl. Arealet p\u00e5 den anden side af klubhuset, var endnu engang i brug.<\/p>\n<p>I september havde vi bes\u00f8g af Thomas Stokke for at f\u00e5 genopfrisket vores tr\u00e6ningsmetoder og teknikker samt for at vi tr\u00e6nere kunne videreudvikle os til gavn for kursisterne. Det var nogle godt pakkede og intense dage, fredag og l\u00f8rdag, med teori og hvor hver tr\u00e6ner fik alene tid p\u00e5 banen med egen hund. S\u00f8ndag var der solgt pladser med og uden hund. Her fik hver enkelt kursist ogs\u00e5 alene tid p\u00e5 banen med hund og Thomas. Alle var fyldt med ny inspiration og teknikker til at komme videre i den daglige tr\u00e6ning. Det er altid en k\u00e6mpe forn\u00f8jelse at blive tr\u00e6net og undervist af Thomas. Vi gl\u00e6der os til han kommer igen.<\/p>\n<p>Det var aftalt med BHU at regionen skulle l\u00e6gge arealer til Klubmesterskaberne i 2021. Desv\u00e6rre var tilslutningen s\u00e5 lav, at det blev n\u00f8dvendigt at aflyse arrangementet.<\/p>\n<p>P\u00e5 opfordring fra deltagerne p\u00e5 Jagttr\u00e6ningen, valgte Dorthe at forsatte p\u00e5 udvalgte l\u00f8rdag over efter\u00e5ret og vinteren.<\/p>\n<p>Der var ogs\u00e5 nogle enkelte hvalpe der \u00f8nskede at tr\u00e6ne videre s\u00e5 det hold forsatte ogs\u00e5 over nogle gange i efter\u00e5ret. S\u00e5 der var nogle af hvalpetr\u00e6nerne i gang.<\/p>\n<p>I oktober afholdt regionen m\u00f8de med de 2 andre regioner vedr. en f\u00e6lles vintertr\u00e6ning 2022. Det var et godt og konstruktivt m\u00f8de, hvor vi fik planlagt vintertr\u00e6ningen med deltagelse af alle regionerne igen. Det er flere \u00e5r siden det har v\u00e6ret muligt s\u00e5 vi ser rigtig meget frem til februar.<\/p>\n<p>Inge afholder hvalpemotivation i februar samtidig med vintertr\u00e6ningen, her p\u00e5 arealerne, de samme s\u00f8ndage. Det er samtidig ogs\u00e5 Inges sidste hold da hun har valgt at hellige sig sin forretning. Vi siger tak for indsatsen og \u00f8nsker Inge held og lykke fremover.<\/p>\n<p>Slutteligt en k\u00e6mpestor tak til alle tr\u00e6nerne, der st\u00e5r p\u00e5 tr\u00e6ningspladsen tirsdag og derudover ogs\u00e5 yder en stor indsats i alle regionens \u00f8vrige aktiviteter. Det er pga. jer vi kan opretholde det store udbud af tr\u00e6ning, pr\u00f8ver og andre hyggelige spanielarrangementer som regionen afholder. Tusind tak til de frivillige medlemmer der melder sig som hj\u00e6lpere til vores arrangementer og bidrager til at vi kan afholde alle vore arrangementer over \u00e5ret.<\/p>\n<p>P\u00e5 bestyrelsens vegne<\/p>\n<p>Dorthe Schultz-Larsen<\/p>\n<p>18 januar 2022<\/p><\/blockquote>\n<h1>Kasseren freml\u00e6gger regnskabet v\/ Amanda Schultz og Torben Petersen<\/h1>\n<p>Kasseren fremlagde og forklarede regnskabet. Nogle udgifter er lidt h\u00f8jere for 2021 end tidligere. Dette skyldes en del indk\u00f8b af bla. Kurser til tr\u00e6nere og til kontor aktiver. Et par genstande manglede at blive opf\u00f8rt p\u00e5 aktiv listen (rettet efter m\u00f8det). Det opdaterede regnskab er vedh\u00e6ftet.<\/p>\n<p>Regnskabet blev enstemmigt godkendt<\/p>\n<h1>Behandling af indkomne forslag<\/h1>\n<p>Der var ingen indkomne forslag<\/p>\n<h1>Valg af regions bestyrelsesmedlemmer<\/h1>\n<p>To af bestyrelsens medlemmer var p\u00e5 valg<\/p>\n<ul>\n<li>Julia Schumann &#8211; villig til genvalg<\/li>\n<li>Nina Lambert Nielsen &#8211; villig til genvalg<\/li>\n<\/ul>\n<p>Ingen andre kandidater stillede op. Julia og Nina blev begge genvalgt.<\/p>\n<h1>Valg af suppleanter og revisor<\/h1>\n<p>Bestyrelsens suppleanter v\u00e6lges for et \u00e5r af gangen:<\/p>\n<ul>\n<li>Lene Kloch \u2013 \u00f8nsker ikke at forts\u00e6tte<\/li>\n<li>Inge Becher Nielsen \u2013 \u00f8nsker ikke at forts\u00e6tte<\/li>\n<li>Michael Schousboe \u2013 villig til genvalg<\/li>\n<\/ul>\n<p>Regitze Charmac stillede op som suppleant (in absentia p\u00e5 grund af sygdom, men bekr\u00e6ftet p\u00e5 telefon)<\/p>\n<p>Regitze og Michael blev valgt som suppleanter.<\/p>\n<p>Torben Petersen var villig til at fort\u00e6tte som revisor. Torben blev valgt.<\/p>\n<h1>Eventuelt<\/h1>\n<p>Intet at berette under eventuelt.<\/p>\n<h1>Bestyrelsen sammens\u00e6tning<\/h1>\n<p>Efter generalforsamlingen konsoliderede den nye bestyrelse sig med f\u00f8lgende poster:<\/p>\n<p>Formand: Dorthe Schultz-Larsen<\/p>\n<p>N\u00e6stformand: Nina Lambert Nielsen<\/p>\n<p>Kasserer: Amanda Louise Schultz-Nielsen<\/p>\n<p>Medlem: Julia Schumann (Presse ansvarlig)<\/p>\n<p>Medlem: Lotte Pedersen (Facebookansvarlig)<\/p>\n<ol>\n<li>Suppleant: Michael Schousboe (webmaster)<\/li>\n<li>Suppleant: Regitze Charmac<\/li>\n<\/ol>\n<p>&nbsp;<\/p>\n","protected":false},"excerpt":{"rendered":"<p>Generalforsamling 18-Jan-2022 Spanielklubben Nordsj\u00e6lland Referat &nbsp; Referent: Michael Schousboe Dato: 18-Jan-2022 Agenda\/ Dagsorden Valg af dirigent Valg af stemmet\u00e6llere Formandens beretning v\/Dorthe Schultz-Larsen Kassereren freml\u00e6gger regnskabet v\/ Amanda Schultz og Torben Petersen Behandling af indkomne forslag Valg af regions bestyrelsesmedlemmer Valg af suppleanter og revisor Eventuelt Valg af Dirigent Bestyrelsen foreslog Michael Hammerich som dirigent, &hellip; <a href=\"https:\/\/spanielklubben-nordsjaelland.dk\/?page_id=2818\" class=\"more-link\">L\u00e6s videre <span class=\"screen-reader-text\">Generalforsamling 2022<\/span> <span class=\"meta-nav\">&rarr;<\/span><\/a><\/p>\n","protected":false},"author":3,"featured_media":0,"parent":1962,"menu_order":0,"comment_status":"closed","ping_status":"closed","template":"","meta":{"footnotes":""},"class_list":["post-2818","page","type-page","status-publish","hentry"],"_links":{"self":[{"href":"https:\/\/spanielklubben-nordsjaelland.dk\/index.php?rest_route=\/wp\/v2\/pages\/2818","targetHints":{"allow":["GET"]}}],"collection":[{"href":"https:\/\/spanielklubben-nordsjaelland.dk\/index.php?rest_route=\/wp\/v2\/pages"}],"about":[{"href":"https:\/\/spanielklubben-nordsjaelland.dk\/index.php?rest_route=\/wp\/v2\/types\/page"}],"author":[{"embeddable":true,"href":"https:\/\/spanielklubben-nordsjaelland.dk\/index.php?rest_route=\/wp\/v2\/users\/3"}],"replies":[{"embeddable":true,"href":"https:\/\/spanielklubben-nordsjaelland.dk\/index.php?rest_route=%2Fwp%2Fv2%2Fcomments&post=2818"}],"version-history":[{"count":5,"href":"https:\/\/spanielklubben-nordsjaelland.dk\/index.php?rest_route=\/wp\/v2\/pages\/2818\/revisions"}],"predecessor-version":[{"id":2820,"href":"https:\/\/spanielklubben-nordsjaelland.dk\/index.php?rest_route=\/wp\/v2\/pages\/2818\/revisions\/2820"}],"up":[{"embeddable":true,"href":"https:\/\/spanielklubben-nordsjaelland.dk\/index.php?rest_route=\/wp\/v2\/pages\/1962"}],"wp:attachment":[{"href":"https:\/\/spanielklubben-nordsjaelland.dk\/index.php?rest_route=%2Fwp%2Fv2%2Fmedia&parent=2818"}],"curies":[{"name":"wp","href":"https:\/\/api.w.org\/{rel}","templated":true}]}}