{"id":2882,"date":"2024-04-17T19:40:15","date_gmt":"2024-04-17T19:40:15","guid":{"rendered":"https:\/\/spanielklubben-nordsjaelland.dk\/?page_id=2882"},"modified":"2024-04-17T19:41:06","modified_gmt":"2024-04-17T19:41:06","slug":"generalforsamling-2024","status":"publish","type":"page","link":"https:\/\/spanielklubben-nordsjaelland.dk\/?page_id=2882","title":{"rendered":"Generalforsamling 2024"},"content":{"rendered":"<h1 style=\"text-align: center;\">Spanielklubben Nordsj\u00e6lland<br \/>\nReferat Generalforsamling 16-Januar-2024<\/h1>\n<p><strong>Agenda\/ Dagsorden<\/strong><\/p>\n<ol>\n<li>Valg af dirigent<\/li>\n<li>Valg af referent<\/li>\n<li>Valg af stemmet\u00e6llere<\/li>\n<li>Formandens beretning v\/Dorthe Schultz-Larsen<\/li>\n<li>Kassereren freml\u00e6gger regnskabet v\/ Amanda Schultz og Torben Petersen<\/li>\n<li>Behandling af indkomne forslag<\/li>\n<li>Valg af regions bestyrelsesmedlemmer<\/li>\n<li>Valg af suppleanter<\/li>\n<li>Valg af revisor<\/li>\n<li>Eventuelt<\/li>\n<\/ol>\n<p><strong>1. Valg af dirigent<\/strong><br \/>\nBestyrelsen foresl\u00e5r Michael Hammerich \u2013 Michael blev valgt<br \/>\nGeneralforsamling er rettidigt indkaldt og blev erkl\u00e6ret lovlig<\/p>\n<p><strong>2. Valg af referent<\/strong><br \/>\nMichael Schousboe blev foresl\u00e5et &#8211; valgt<\/p>\n<p><strong>3. Valg af stemmet\u00e6llere<\/strong><br \/>\nMichael Schultz-Larsen og Mads Jepsen blev valgt<\/p>\n<p><strong>4. Formandens beretning<\/strong><br \/>\nDorthe Schultz-Larsen fremlagde \u00e5rets beretning (Indsat nedenfor)<\/p>\n<p>2023\u00a0var jubil\u00e6ums \u00e5r. 90 \u00e5r blev Spanielklubben.<br \/>\nHer i regionen valgte vi at, tr\u00e6kke en bl\u00e5 jubil\u00e6umstr\u00e5d gennem alle arrangementer vi afholdte\u00a0hele \u00e5ret.<br \/>\nVintertr\u00e6ningen blev afholdt\u00a0i samarbejde,\u00a0med de 2 \u00f8vrige sj\u00e6llandske regioner.\u00a0Alle s\u00f8ndage i\u00a0februar og\u00a0f\u00f8rste s\u00f8ndag i\u00a0marts.\u00a0Vi valgte at skyde jubil\u00e6et i gang p\u00e5\u00a0Sj\u00e6lland, allerede i februar mens alle regionerne var samlet. Det blev fejret med grillp\u00f8lser og kage, den s\u00f8ndag, hvor vi tr\u00e6nede her hos Nina og Mads.<br \/>\nI marts\u00a0afsluttede vi,\u00a0Vintertr\u00e6ningen med en\u00a0Markpr\u00f8ve p\u00e5 Sj\u00e6lland, hvor vores region var rigtig flot repr\u00e6senteret,\u00a0med\u00a0b\u00e5de\u00a0kursister og med tr\u00e6nere.<br \/>\nMarts var ogs\u00e5 m\u00e5neden, hvor vi afholdt\u00a0det \u00e5rlige trimmekursus, under kyndig vejledning af Kamma Vallentin. Det var som altid en dejlig dag som sluttede med 10 flot trimmede spaniels. Vi pr\u00f8vede for f\u00f8rste gang at, sl\u00e5 deltagelse uden hund pladser op og det viste sig at v\u00e6re en stor succes.<br \/>\nTirsdag\u00a025. april kl. 17:00 stod\u00a0alle\u00a0tr\u00e6nerne klar til\u00a0at modtage\u00a0holdene\u00a0p\u00e5 tr\u00e6ningspladsen.\u00a0Tr\u00e6ningen blev afholdt med stor deltagelse endnu engang p\u00e5 alle holdene, ja alt var usolgt.<br \/>\nKatrine havde meldt regionen til arrangementet \u201df\u00e6lles g\u00e5tur for at hj\u00e6lpe hunde der s\u00f8ger nyt hjem. S\u00e5 7. maj havde Katrine, arrangeret f\u00e6lles g\u00e5tur i skoven ved Sj\u00e6ls\u00f8 Lund. Der blev lagt flotte billeder op, af en hyggelig tur som sluttede med kaffe og kage.<\/p>\n<p>21. maj var alle tr\u00e6nerne p\u00e5 kursus i Sk\u00e6vinge hos Mikkel, for at pr\u00f8ve hans kaning\u00e5rd. Det var en sp\u00e6ndende dag og alle var igennem flere gange. Det var lidt en udfordring at finde en kanin da der kun var 2 stk. hjemme, resten havde gravet sin ind under en bygning og var ikke til at f\u00e5 ud. Mikkel havde lige glemt at grave hegnet ned. Det er bestemt ikke sidste gang det skal pr\u00f8ves og hvem ved, m\u00e5ske vi kan f\u00e5 et kursus for kursisterne op at st\u00e5.<br \/>\nSom altid afslutter vi tr\u00e6ningss\u00e6sonen med en pr\u00f8vedag. Da 2023 var jubil\u00e6ums\u00e5r, besluttede vi at fejre det over en hel weekend.<br \/>\nL\u00f8rdag 3. juni havde vi\u00a0Land\/vand \u2013 apporteringspr\u00f8ve og sl\u00e6b\/apportering. I alt 19 deltagere s\u00e5 det blev en dejlig lang hundedag. Solen var meget gavmild s\u00e5 haveborde og b\u00e6nke m\u00e5tte flyttes i skyggen. En dag fyldt med hygge og en masse flot hundearbejde.\u00a0Vi fik mangebes\u00f8g som pr\u00f8vede kr\u00e6fter med bla. Bamsegrib.<br \/>\nS\u00f8ndag 4. juni var det s\u00e5 dressurpr\u00f8verne. \u00a011 deltagere fordelt p\u00e5 begge pr\u00f8verne.\u00a0Vi\u00a0fik ogs\u00e5\u00a0bes\u00f8g af et kuld Cockerhvalpe\u00a0som hyggede sig i en hvalpeg\u00e5rd, det var\u00a0vist\u00a0godt at de alle sammen var afsat\u00a0p\u00e5 forh\u00e5nd.<br \/>\nBegge dage var der 90 \u00e5rs jubil\u00e6umskage med stort flot logo p\u00e5 og selvf\u00f8lgelig ogs\u00e5 fl\u00e6skestegssandwich.\u00a0Mange flotte billeder blev lagt b\u00e5de i Dropbox og p\u00e5 FB siden.<br \/>\nVi havde f\u00e5et,\u00a0utroligt mange flotte sponsorgaver,\u00a0til begge dage, tusind tak\u00a0for det,\u00a0til jer der stod for\u00a0det k\u00e6mpe arbejde.<br \/>\nSidst i august startede vi tr\u00e6ningen op,\u00a0igen\u00a0med fyldte hold.\u00a0Det er stadigv\u00e6k overv\u00e6ldende at se den\u00a0store tilslutning, der er til regionens tr\u00e6ningstilbud. Det er vi meget taknemmelige for.<br \/>\n16. september var der Brug legen som bel\u00f8nning. Det er altid en fantastisk oplevelse som underviser at se,\u00a0den k\u00e6mpe udvikling i kontakten, hund og f\u00f8rer i mellem, der sker p\u00e5 kurset.<br \/>\nEfter\u00e5rspr\u00f8ven blev afholdt\u00a030. september\u00a0med en lang deltagerliste fordelt p\u00e5 Land\/vand \u2013 Apporteringspr\u00f8ven og Sl\u00e6b\/apportering. Vi havde valgt\u00a0Dressurpr\u00f8verne fra denne gang.<br \/>\nVejret\u00a0var\u00a0med os igen og der blev vist\u00a0masser af\u00a0flot hundearbejde og delt mange pr\u00e6mier og rosetter ud.<\/p>\n<p>29. oktober afholdt vi, Fri ved fod kursus med Anja Christiansen. Anja er en af de allerbedste indenfor den disciplin og\u00a0er\u00a0b\u00e5de DK, Nordisk mester. Der blev \u00f8st ud af,\u00a0alle hendes guldkorn og selvom det styrtede ned s\u00e5 knoklede alle deltagerne l\u00f8s,\u00a0for at \u00f8ve og l\u00e6re trix.<br \/>\nJagttr\u00e6ningen forsatte p\u00e5 udvalgte weekenddage over efter\u00e5ret og vinteren<br \/>\nEn\u00a0k\u00e6mpestor\u00a0tak til alle\u00a0jer\u00a0tr\u00e6nerne,\u00a0der\u00a0st\u00e5r p\u00e5 tr\u00e6ningspladsen\u00a0hver\u00a0tirsdag\u00a0og\u00a0leverer\u00a0en sp\u00e6ndende og\u00a0engageret\u00a0tr\u00e6ning. Jeres\u00a0vejledning,\u00a0gode r\u00e5d\u00a0og ikke mindst interessen i hver hund og f\u00f8rer, er lige netop det der g\u00f8r, vores kursister kommer igen, s\u00e6son efter s\u00e6son.\u00a0Tag endelig ikke fejl af det!<br \/>\nTak\u00a0for jeres\u00a0store\u00a0indsats,\u00a0i\u00a0alle\u00a0regionens\u00a0\u00f8vrige\u00a0aktiviteter. Det er pga. jer,\u00a0vi\u00a0forsat kan\u00a0afholde\u00a0tr\u00e6ning, pr\u00f8ver\u00a0og\u00a0andre hyggelige\u00a0spaniel\u00a0arrangementer\u00a0i\u00a0regionen.\u00a0Tusind tak,\u00a0til de medlemmer der\u00a0melder sig som hj\u00e6lpere,\u00a0til vores arrangementer.<br \/>\nP\u00e5 bestyrelsens vegne<br \/>\nDorthe Schultz-Larsen<\/p>\n<p>Beretningen blev enstemmigt godkendt<\/p>\n<p><strong>5. Kasseren freml\u00e6gger regnskabet <\/strong><br \/>\nAmanda fremlagde posterne i regnskabet.<\/p>\n<p>I \u00e5ret der gik er der blandt andet blevet brugt flere penge p\u00e5 fejringerne, udstyr til tr\u00e6nere, og p\u00e5 h\u00e6vede takster til k\u00f8rsel, telefon.<br \/>\nRegnskabet blev enstemmigt godkendt<\/p>\n<p><strong>6. Behandling af indkomne forslag<\/strong><br \/>\nBestyrelsen havde ikke modtaget nogen forslag<\/p>\n<p><strong>7. Valg regions bestyrelsesmedlemmer, p\u00e5 valg er:<\/strong><br \/>\nNina Lambert Nielsen &#8211; villig til genvalg<br \/>\nJulia Schumann &#8211; villig til genvalg<br \/>\nBegge blev genvalgt for 2 \u00e5r<\/p>\n<p><strong>8. Valg af suppleanter:<\/strong><br \/>\nMichael Schousboe &#8211; villig til genvalg<br \/>\nRegitze Elliot &#8211; villig til genvalg<br \/>\nBegge blev genvalgt for 1 \u00e5r<\/p>\n<p><strong>9. Valg af revisor:<\/strong><br \/>\nTorben Petersen &#8211; villig til genvalg<br \/>\nTorben blev genvalgt for 1 \u00e5r<\/p>\n<p><strong>10. Eventuelt<\/strong><br \/>\nDer ans\u00f8ges om opstilling af en container p\u00e5 skydebanen i samarbejde med jagtforeningen.<br \/>\nEt menigt medlem udtrykte en tak til tr\u00e6nere og bestyrelsen for at g\u00f8re det godt &#8211; is\u00e6r for de anvendte moderne tr\u00e6nings metoder.<\/p>\n<p><strong>Bestyrelsens sammens\u00e6tning:<\/strong><br \/>\nEfter generalforsamlingen konstituerede bestyrelsen sig som f\u00f8lger:<\/p>\n<p>Formand: Dorthe Schultz-Larsen<br \/>\nN\u00e6stformand: Nina Lambert Nielsen<br \/>\nKasserer: Amanda Schultz-Nielsen<br \/>\nBestyrelsesmedlemmer: Lotte Pedersen og Julia Schumann<br \/>\nSuppleanter: Michael Schousboe og Regitze Elliot<\/p>\n","protected":false},"excerpt":{"rendered":"<p>Spanielklubben Nordsj\u00e6lland Referat Generalforsamling 16-Januar-2024 Agenda\/ Dagsorden Valg af dirigent Valg af referent Valg af stemmet\u00e6llere Formandens beretning v\/Dorthe Schultz-Larsen Kassereren freml\u00e6gger regnskabet v\/ Amanda Schultz og Torben Petersen Behandling af indkomne forslag Valg af regions bestyrelsesmedlemmer Valg af suppleanter Valg af revisor Eventuelt 1. Valg af dirigent Bestyrelsen foresl\u00e5r Michael Hammerich \u2013 Michael blev &hellip; <a href=\"https:\/\/spanielklubben-nordsjaelland.dk\/?page_id=2882\" class=\"more-link\">L\u00e6s videre <span class=\"screen-reader-text\">Generalforsamling 2024<\/span> <span class=\"meta-nav\">&rarr;<\/span><\/a><\/p>\n","protected":false},"author":3,"featured_media":0,"parent":1962,"menu_order":0,"comment_status":"closed","ping_status":"closed","template":"","meta":{"footnotes":""},"class_list":["post-2882","page","type-page","status-publish","hentry"],"_links":{"self":[{"href":"https:\/\/spanielklubben-nordsjaelland.dk\/index.php?rest_route=\/wp\/v2\/pages\/2882","targetHints":{"allow":["GET"]}}],"collection":[{"href":"https:\/\/spanielklubben-nordsjaelland.dk\/index.php?rest_route=\/wp\/v2\/pages"}],"about":[{"href":"https:\/\/spanielklubben-nordsjaelland.dk\/index.php?rest_route=\/wp\/v2\/types\/page"}],"author":[{"embeddable":true,"href":"https:\/\/spanielklubben-nordsjaelland.dk\/index.php?rest_route=\/wp\/v2\/users\/3"}],"replies":[{"embeddable":true,"href":"https:\/\/spanielklubben-nordsjaelland.dk\/index.php?rest_route=%2Fwp%2Fv2%2Fcomments&post=2882"}],"version-history":[{"count":2,"href":"https:\/\/spanielklubben-nordsjaelland.dk\/index.php?rest_route=\/wp\/v2\/pages\/2882\/revisions"}],"predecessor-version":[{"id":2884,"href":"https:\/\/spanielklubben-nordsjaelland.dk\/index.php?rest_route=\/wp\/v2\/pages\/2882\/revisions\/2884"}],"up":[{"embeddable":true,"href":"https:\/\/spanielklubben-nordsjaelland.dk\/index.php?rest_route=\/wp\/v2\/pages\/1962"}],"wp:attachment":[{"href":"https:\/\/spanielklubben-nordsjaelland.dk\/index.php?rest_route=%2Fwp%2Fv2%2Fmedia&parent=2882"}],"curies":[{"name":"wp","href":"https:\/\/api.w.org\/{rel}","templated":true}]}}