{"id":2907,"date":"2026-02-14T10:13:49","date_gmt":"2026-02-14T10:13:49","guid":{"rendered":"https:\/\/spanielklubben-nordsjaelland.dk\/?page_id=2907"},"modified":"2026-02-14T10:14:13","modified_gmt":"2026-02-14T10:14:13","slug":"generalforsamling-2025","status":"publish","type":"page","link":"https:\/\/spanielklubben-nordsjaelland.dk\/?page_id=2907","title":{"rendered":"Generalforsamling 2025"},"content":{"rendered":"<h1>Spanielklubben Nordsj\u00e6lland<\/h1>\n<h2>Referat Generalforsamling 14-Januar-2025<\/h2>\n<p>&nbsp;<\/p>\n<p><strong>Agenda\/ Dagsorden<\/strong><\/p>\n<ol>\n<li>Valg af dirigent<\/li>\n<li>Valg af referent<\/li>\n<li>Valg af stemmet\u00e6llere<\/li>\n<li>Formandens beretning v\/Dorthe Schultz-Larsen<\/li>\n<li>Kassereren freml\u00e6gger regnskabet v\/ Amanda Schultz og Torben Petersen<\/li>\n<li>Behandling af indkomne forslag<\/li>\n<li>Valg af regions bestyrelsesmedlemmer<\/li>\n<li>Valg af suppleanter<\/li>\n<li>Valg af revisor<\/li>\n<li>Eventuelt<\/li>\n<\/ol>\n<p>&nbsp;<\/p>\n<p>Start 19:00<\/p>\n<p>&nbsp;<\/p>\n<ol>\n<li><strong> Valg af dirigent<\/strong><\/li>\n<\/ol>\n<p>Bestyrelsen foresl\u00e5r Michael Hammerich \u2013 Michael blev valgt<\/p>\n<p>Generalforsamling er rettidigt indkaldt og blev erkl\u00e6ret lovlig<\/p>\n<p>&nbsp;<\/p>\n<ol start=\"2\">\n<li><strong> Valg af referent<\/strong><\/li>\n<\/ol>\n<p>Michael Schousboe blev foresl\u00e5et &#8211; valgt<\/p>\n<p>&nbsp;<\/p>\n<ol start=\"3\">\n<li><strong> Valg af stemmet\u00e6llere<\/strong><\/li>\n<\/ol>\n<p>Michael Schultz-Larsen og Mads Jepsen blev valgt<\/p>\n<p>10 stemmeberettigede.<\/p>\n<p>&nbsp;<\/p>\n<ol start=\"4\">\n<li><strong> Formandens beretning<\/strong><\/li>\n<\/ol>\n<p>Dorthe Schultz-Larsen fremlagde \u00e5rets beretning (Indsat nedenfor)<\/p>\n<p>&nbsp;<\/p>\n<p><strong>Formandsberetning til Spanielklubben Region Nordsj\u00e6llands &#8211; Generalforsamling 14 januar 2025<\/strong><\/p>\n<p>Regionens drifts kalender, er n\u00e6rmest identisk \u00e5r for \u00e5r.<\/p>\n<p>Vi startede \u00e5ret med Vintertr\u00e6ningen som blev afholdt i samarbejde, med Region 3. Alle s\u00f8ndage i februar og f\u00f8rste s\u00f8ndag i marts. Vi havde mange kursister, b\u00e5de gengangere og heldigvis ogs\u00e5 nye som vi l\u00e6rte at kende.<\/p>\n<p>Forl\u00f8bet sluttede med Markpr\u00f8ver p\u00e5 Juellund, hvor vores region var deltagende med kursister fra jagtholdet som gjorde det rigtig flot.<\/p>\n<p>Regionen havde over julen og januar modtaget flere henvendelser om hvalpetr\u00e6ning. S\u00e5 i marts og april tr\u00e6nede vi et hold sm\u00e5 spanielhvalpe som nu er deltagere p\u00e5 vores unghundehold.<\/p>\n<ol start=\"27\">\n<li>januar afholdt vi trimmekursus, under k\u00e6rlig og kyndig vejledning af Kamma Vallentin. En rigtig hyggelig dag som sluttede med 9 flot trimmede spaniels. Der var samtidig mulighed for at, f\u00e5 hunden exteri\u00f8r bed\u00f8mt\/avls godkendt da Michael Hammerich havde valgt at, l\u00e6gge vejen forbi klubhuset og sl\u00e5 bed\u00f8mmelsen op i klubben s\u00e5 alle kunne melde sig til.<\/li>\n<\/ol>\n<p>Tirsdag 23. april startede holdtr\u00e6ningen. Der er stadigv\u00e6k stor eftersp\u00f8rgsel, p\u00e5 Spanieltr\u00e6ning i vores omr\u00e5de s\u00e5 holdene var fyldte med glade kursister.<\/p>\n<p>For\u00e5rs tr\u00e6ningen sluttede vi med en pr\u00f8vedag 25. maj. Der blev afhold land\/vand \u2013 apporteringspr\u00f8ve og sl\u00e6b\/apportering og begge Dressur pr\u00f8ver.<\/p>\n<p>Det er en forn\u00f8jelse at vores kursister, ogs\u00e5 \u00f8nsker at deltage p\u00e5 vores pr\u00f8ver, det betyder at vi til stadighed kan tilbyde afholdelse af pr\u00f8verne.<\/p>\n<ol start=\"27\">\n<li>august startede vi tr\u00e6ningen op, igen med fyldte hold. Det er overv\u00e6ldende at, se den store tilslutning, der er til regionens tr\u00e6ningstilbud. Det skal vi v\u00e6re stolte over.<\/li>\n<\/ol>\n<p>Efter\u00e5rspr\u00f8ven blev afholdt 28. september med en lang deltagerliste fordelt p\u00e5 Land\/vand \u2013 Apporteringspr\u00f8ven, Sl\u00e6b\/apportering og begge Dressurpr\u00f8ver.\u00a0 Igen blev der vist masser af flot hundearbejde og delt mange pr\u00e6mier og rosetter ud.<\/p>\n<p>Om aften 22. oktober havde vi booket huset og Julia havde arrangeret et, foredrag med Charlotte Storgaard fra KynoRehab i Hiller\u00f8d. Charlotte er bla. Uddannet i Osteopati, fysioterapi og massage til hunde. Det var meget interessant og sp\u00e6ndende ny viden som bla. Resulterede i at, flere af vores egne hunde, efterf\u00f8lgende har v\u00e6ret p\u00e5 bes\u00f8g hos Charlotte for gennemgang\/behandling og det med m\u00e6rkbare gode resultater for alle hundene.<\/p>\n<p>Da vi over noget tid, havde modtaget flere henvendelser p\u00e5 hvalpetr\u00e6ning og samtidig fik leveret et helt kuld springere til tr\u00e6ning, valgte vi at oprette et hvalpehold, til afholdelse i oktober, november og december. De fors\u00e6tter alle deres tr\u00e6ning efterf\u00f8lgende, i vores region og er allerede meldt p\u00e5 hold igen.<\/p>\n<p>Jagttr\u00e6ningen forsatte ogs\u00e5 p\u00e5 udvalgte weekenddage over efter\u00e5ret og vinteren s\u00e5 de er klar til Vintertr\u00e6ningen 2025<\/p>\n<p>Alle arrangementer, tr\u00e6ning og pr\u00f8ver mm. der bliver afholdt i regionen er baseret p\u00e5 frivilligt arbejde<\/p>\n<p>At vi, i vores region, \u00e5r efter \u00e5r, har mulighed for at udbyde og afholde, kurser, foredrag og en sp\u00e6ndende, engageret og udviklende tr\u00e6ning som g\u00f8r at vores kursister kommer igen, s\u00e6son efter s\u00e6son, <strong>er jeres<\/strong> fortjeneste tr\u00e6nere og bestyrelse!!<\/p>\n<p><strong>I form\u00e5r<\/strong> at formidle undervisningen p\u00e5 en s\u00e5dan m\u00e5de, at hver kursist f\u00e5r noget brugbart med hjem efter hver tr\u00e6ning.<\/p>\n<p><strong>I form\u00e5r<\/strong> at skabe et milj\u00f8 og et sammenhold p\u00e5 tr\u00e6ningspladsen som giver kursisterne lyst og mod til at v\u00e6re en del af f\u00e6llesskabet, at deltage p\u00e5 pr\u00f8verne og komme igen til tr\u00e6ningen.<\/p>\n<p>N\u00e5r vi sp\u00f8rger nye kursister om, hvordan de har er kommet frem til at skulle tr\u00e6ne hos os, er svaret n\u00e6rmest enslydende \u201djeg har h\u00f8rt rigtig godt om jer og jeres tr\u00e6ning og at der er hyggeligt\u201d.<\/p>\n<p>I skal v\u00e6re mega stolte, af jer selv, af hinanden og af vores f\u00e6lles engagement i regionen. Vi har en flot, meget aktiv og solid region.<\/p>\n<p>K\u00e6mpe k\u00e6mpe stor tak til alle jer tr\u00e6nerne og bestyrelse. Tak for jeres store indsats, tak for jer.<\/p>\n<p>Tusind tak, til de medlemmer der melder sig som hj\u00e6lpere, til vores arrangementer, vi s\u00e6tter stor pris p\u00e5 jeres hj\u00e6lp.<\/p>\n<p>P\u00e5 bestyrelsens vegne<\/p>\n<p>Dorthe Schultz-Larsen<\/p>\n<ol start=\"16\">\n<li>januar 2024<\/li>\n<\/ol>\n<p>Formandens beretning blev enstemmigt vedtaget.<\/p>\n<p>&nbsp;<\/p>\n<ol start=\"5\">\n<li><strong> Kasseren freml\u00e6gger regnskabet <\/strong><\/li>\n<\/ol>\n<p>Amanda fremlagde posterne i regnskabet.<\/p>\n<p>Det har v\u00e6ret et dyrt \u00e5r med gode investeringer.<\/p>\n<p>Blandt andet omkostninger til container i samarbejde med jagtforeningen.<\/p>\n<p>Stor udgift til vintertr\u00e6ning, der blev afholdt sammen med region 3. I 2025 holdes det af Region Nordsj\u00e6lland selv.<\/p>\n<p>Ellers ligner regnskabet meget tidligere \u00e5r.<\/p>\n<p>Sp\u00f8rgsm\u00e5l fra deltager: er containeren forsikret \u2013 bestyrelsen vil unders\u00f8ge med jagtforeningen.<\/p>\n<p>Regnskabet blev enstemmigt godkendt.<\/p>\n<p>&nbsp;<\/p>\n<ol start=\"6\">\n<li><strong> Behandling af indkomne forslag<\/strong><\/li>\n<\/ol>\n<p>Bestyrelsen havde ikke modtaget nogen forslag<\/p>\n<p>&nbsp;<\/p>\n<ol start=\"7\">\n<li><strong> Valg regions bestyrelsesmedlemmer, p\u00e5 valg er:<\/strong><\/li>\n<\/ol>\n<p>Amanda Schultz-Nielsen \u2013 villig til genvalg<\/p>\n<p>Dorthe Schultz-Larsen \u2013 villig til genvalg<\/p>\n<p>Lotte Pedersen \u2013 \u00d8nsker at v\u00e6re suppleant<\/p>\n<p>Michael Schousboe \u2013 villig til valg som bestyrelsesmedlem<\/p>\n<p>Amanda, Dorthe og Michael er valgt<\/p>\n<p>&nbsp;<\/p>\n<ol start=\"8\">\n<li><strong> Valg af suppleanter:<\/strong><\/li>\n<\/ol>\n<p>Michael Schousboe &#8211; villig til genvalg, stiller op som bestyrelsesmedlem<\/p>\n<p>Regitze Elliot \u2013 ikke villig til genvalg<\/p>\n<p>Amilla Bang \u2013 Stiller sig til r\u00e5dighed for valg<\/p>\n<p>Lotte Pedersen \u2013 \u00f8nsker valg som suppleant<\/p>\n<p>Amilla og Lotte blev valgt<\/p>\n<p>&nbsp;<\/p>\n<ol start=\"9\">\n<li><strong> Valg af revisor:<\/strong><\/li>\n<\/ol>\n<p>Torben Petersen \u00f8nsker pause som revisor<\/p>\n<p>Michael Hammerich stiller op som revisor<\/p>\n<p>Michael blev valgt<\/p>\n<p>&nbsp;<\/p>\n<ol start=\"10\">\n<li><strong> Eventuelt<\/strong><\/li>\n<\/ol>\n<p>Der blev stillet sp\u00f8rgsm\u00e5l om hvilke hunde, der kunne v\u00e6re med p\u00e5 tr\u00e6ningsholdende \u2013 svaret var: der er plads til alle typer hunde. Tr\u00e6ningen tilpasses niveauet for den enkelte hund.<\/p>\n<p>&nbsp;<\/p>\n<p>Generalforsamlingen blev afsluttet 19:26<\/p>\n<p>&nbsp;<\/p>\n<p><strong>Bestyrelsens sammens\u00e6tning:<\/strong><\/p>\n<p>Efter generalforsamlingen konstituerede bestyrelsen sig som f\u00f8lger:<\/p>\n<p>Formand: Dorthe Schultz-Larsen<\/p>\n<p>N\u00e6stformand: Nina Lambert Nielsen<\/p>\n<p>Kasserer: Amanda Schultz-Nielsen<\/p>\n<p>Bestyrelsesmedlemmer: Michael Schousboe og Julia Schumann<\/p>\n<p>Suppleanter: Amilla Bang og Lotte Pedersen<\/p>\n<p>&nbsp;<\/p>\n<p>&nbsp;<\/p>\n","protected":false},"excerpt":{"rendered":"<p>Spanielklubben Nordsj\u00e6lland Referat Generalforsamling 14-Januar-2025 &nbsp; Agenda\/ Dagsorden Valg af dirigent Valg af referent Valg af stemmet\u00e6llere Formandens beretning v\/Dorthe Schultz-Larsen Kassereren freml\u00e6gger regnskabet v\/ Amanda Schultz og Torben Petersen Behandling af indkomne forslag Valg af regions bestyrelsesmedlemmer Valg af suppleanter Valg af revisor Eventuelt &nbsp; Start 19:00 &nbsp; Valg af dirigent Bestyrelsen foresl\u00e5r Michael &hellip; <a href=\"https:\/\/spanielklubben-nordsjaelland.dk\/?page_id=2907\" class=\"more-link\">L\u00e6s videre <span class=\"screen-reader-text\">Generalforsamling 2025<\/span> <span class=\"meta-nav\">&rarr;<\/span><\/a><\/p>\n","protected":false},"author":3,"featured_media":0,"parent":1962,"menu_order":0,"comment_status":"closed","ping_status":"closed","template":"","meta":{"footnotes":""},"class_list":["post-2907","page","type-page","status-publish","hentry"],"_links":{"self":[{"href":"https:\/\/spanielklubben-nordsjaelland.dk\/index.php?rest_route=\/wp\/v2\/pages\/2907","targetHints":{"allow":["GET"]}}],"collection":[{"href":"https:\/\/spanielklubben-nordsjaelland.dk\/index.php?rest_route=\/wp\/v2\/pages"}],"about":[{"href":"https:\/\/spanielklubben-nordsjaelland.dk\/index.php?rest_route=\/wp\/v2\/types\/page"}],"author":[{"embeddable":true,"href":"https:\/\/spanielklubben-nordsjaelland.dk\/index.php?rest_route=\/wp\/v2\/users\/3"}],"replies":[{"embeddable":true,"href":"https:\/\/spanielklubben-nordsjaelland.dk\/index.php?rest_route=%2Fwp%2Fv2%2Fcomments&post=2907"}],"version-history":[{"count":2,"href":"https:\/\/spanielklubben-nordsjaelland.dk\/index.php?rest_route=\/wp\/v2\/pages\/2907\/revisions"}],"predecessor-version":[{"id":2909,"href":"https:\/\/spanielklubben-nordsjaelland.dk\/index.php?rest_route=\/wp\/v2\/pages\/2907\/revisions\/2909"}],"up":[{"embeddable":true,"href":"https:\/\/spanielklubben-nordsjaelland.dk\/index.php?rest_route=\/wp\/v2\/pages\/1962"}],"wp:attachment":[{"href":"https:\/\/spanielklubben-nordsjaelland.dk\/index.php?rest_route=%2Fwp%2Fv2%2Fmedia&parent=2907"}],"curies":[{"name":"wp","href":"https:\/\/api.w.org\/{rel}","templated":true}]}}