{"id":2910,"date":"2026-02-14T10:16:40","date_gmt":"2026-02-14T10:16:40","guid":{"rendered":"https:\/\/spanielklubben-nordsjaelland.dk\/?page_id=2910"},"modified":"2026-02-14T10:17:13","modified_gmt":"2026-02-14T10:17:13","slug":"generalforsamling-2026","status":"publish","type":"page","link":"https:\/\/spanielklubben-nordsjaelland.dk\/?page_id=2910","title":{"rendered":"Generalforsamling 2026"},"content":{"rendered":"<h1>Spanielklubben Nordsj\u00e6lland<\/h1>\n<h2>Referat Generalforsamling 13-Januar-2026<\/h2>\n<p>&nbsp;<\/p>\n<p><strong>Agenda\/ Dagsorden<\/strong><\/p>\n<ul>\n<li style=\"list-style-type: none;\">\n<ol>\n<li>Valg af dirigent<\/li>\n<li>Valg af referent<\/li>\n<li>Valg af stemmet\u00e6llere<\/li>\n<li>Formandens beretning v\/Dorthe Schultz-Larsen<\/li>\n<li>Kassereren freml\u00e6gger regnskabet v\/ Amanda Schultz og Michael Hammerich<\/li>\n<li>Behandling af indkomne forslag<\/li>\n<li>Valg af regions bestyrelsesmedlemmer<\/li>\n<li>Valg af suppleanter<\/li>\n<li>Valg af revisor<\/li>\n<li>Eventuelt<\/li>\n<\/ol>\n<\/li>\n<\/ul>\n<p>&nbsp;<\/p>\n<p>Start 19:00<\/p>\n<p>&nbsp;<\/p>\n<ol>\n<li><strong> Valg af dirigent<\/strong><\/li>\n<\/ol>\n<p>Bestyrelsen foresl\u00e5r Michael Hammerich \u2013 Michael blev valgt<\/p>\n<p>Generalforsamling er rettidigt indkaldt og blev erkl\u00e6ret lovlig<\/p>\n<p>&nbsp;<\/p>\n<ol start=\"2\">\n<li><strong> Valg af referent<\/strong><\/li>\n<\/ol>\n<p>Michael Schousboe blev foresl\u00e5et &#8211; Michael blev valgt<\/p>\n<p>&nbsp;<\/p>\n<ol start=\"3\">\n<li><strong> Valg af stemmet\u00e6llere<\/strong><\/li>\n<\/ol>\n<p>Michael Schultz-Larsen og Mads Jepsen blev valgt<\/p>\n<p>&nbsp;<\/p>\n<ol start=\"4\">\n<li><strong> Formandens beretning<\/strong><\/li>\n<\/ol>\n<p>Dorthe Schultz-Larsen fremlagde \u00e5rets beretning (Indsat nedenfor)<\/p>\n<p>&nbsp;<\/p>\n<p><strong>Formandsberetning \u2013 Spanielklubben Region Nordsj\u00e6lland<\/strong><\/p>\n<p><strong><em>Generalforsamling, 13. januar 2026<\/em><\/strong><\/p>\n<p>&nbsp;<\/p>\n<p>Endnu et \u00e5r er g\u00e5et i Spanielklubben Region Nordsj\u00e6lland, fyldt med mange aktiviteter, oplevelser og hygge.<\/p>\n<p>Vi har en, virkelig flot, meget aktiv og solid region.<\/p>\n<p>Vi startede \u00e5ret med vintertr\u00e6ningen \u2013 alle s\u00f8ndage i februar og den f\u00f8rste s\u00f8ndag i marts. Holdene fik udfordringer efter niveau. Der blev tr\u00e6net i skov, p\u00e5 mark og i pil. Noget nyt i \u00e5r var, at man kunne snuse til Nose Work sammen med Sarah Sj\u00f8lin. Hun kom med sk\u00e5le, bokse og kasser og hundene snusede igennem med stor entusiasme.<\/p>\n<p>P\u00e5 den sidste vintertr\u00e6ningsdag afholdt vi J\u00e6gerforbundets grundf\u00e6rdighedstest 1 og 2, d\u00f8mt af Michael Worm fra Slangerup Jagtforening. N\u00e6sten alle kursister deltog \u2013 og de leverede flotte resultater og fik deres kritik med hjem.<\/p>\n<p>Som altid sluttede vi hver tr\u00e6ningsdag af med hygge omkring grillen. Vi spiste p\u00f8lser, drak kaffe og fik kage. Til fastelavn slog vi katten af t\u00f8nden \u2013 en k\u00e6mpe succes, med masser af grin og god stemning. Kursisterne roste vintertr\u00e6ningen for at v\u00e6re b\u00e5de sp\u00e6ndende og udfordrende. Det giver os noget at bygge videre p\u00e5 til planl\u00e6gningen for 2026.<\/p>\n<p>Hen over julen og januar fik vi flere henvendelser om hvalpetr\u00e6ning. Derfor afholdt vi hvalpehold i marts og april, og alle hvalpe er i skrivende stund nu blevet ung hunde og tr\u00e6ner videre p\u00e5 vores Grundlydighedshold.<\/p>\n<p>Den 23. april startede holdtr\u00e6ningen igen. Med en stadig stor eftersp\u00f8rgsel, p\u00e5 spanieltr\u00e6ning blev alle hold fyldt op af glade og motiverede kursister.<\/p>\n<p>For\u00e5rss\u00e6sonen rundede vi af med en Pr\u00f8vedag den 25. maj. Her afholdt vi land\/vand-apporteringspr\u00f8ve og begge dressurpr\u00f8ver. Vi skal v\u00e6re stolte af, at vores kursister ikke kun tr\u00e6ner hos os, men ogs\u00e5 \u00f8nsker at stille op til pr\u00f8verne. Det er langt fra alle regioner, der har den mulighed. Det viser, at tr\u00e6ningen virker \u2013 og at b\u00e5de hunde og f\u00f8rere f\u00e5r mod p\u00e5 at pr\u00f8ve kr\u00e6fter med det, de har l\u00e6rt. Det kan I tr\u00e6nere virkelig v\u00e6re stolte af.<\/p>\n<p>Interessen for Nose Work fortsatte, og derfor kom Sarah Sj\u00f8lin igen i april og afholdt to kurser. Deltagerne fik b\u00e5de startkit og masser af \u00f8velser med hjem, og vi er glade for, at Sarah allerede har sagt ja til at komme igen.<\/p>\n<p>Efter sommerferien startede vi op i august, og endnu engang blev vi m\u00f8dt af en imponerende tilslutning. Det er fantastisk at se, hvor mange der \u00f8nsker at v\u00e6re en del af regionens tr\u00e6ningstilbud.<\/p>\n<p>Efter\u00e5rspr\u00f8ven den 5. oktober havde en deltagerliste der var fordelt p\u00e5 alle pr\u00f8vetyper. Der blev igen vist masser af flot hundearbejde, der var gl\u00e6de, og som altid var stemningen hyggelig og fuld af opbakning. Alle hepper p\u00e5 alle \u2013 og det er noget af det, der g\u00f8r vores region helt s\u00e6rlig. Vi havde bes\u00f8g af Leather by Beth med en pop-up shop, og havde lavet vores egen lille genbrugsbutik, begge blev flittigt bes\u00f8gt.<\/p>\n<p>Som noget nyt, har vi i \u00e5r afholdt et F\u00f8rer-kursus \u2013 et kursus for den tobenede ende af linen. Vi afholdt to kurser, et for begyndere og et for \u00f8vede. Vi byggede \u00f8velser med Duplo, gennemgik tr\u00e6ningsplanl\u00e6gning, analyserede udfordringer og delte erfaringer. Og vi fik nogle gode buzzwords med os, som for eksempel: \u201cHusk at s\u00e6tte ind p\u00e5 kontoen\u201d og \u201cDet er ikke en fiasko \u2013 du er ansvarlig.\u201d Det blev taget rigtig godt imod og der er eftersp\u00f8rgsel p\u00e5 flere datoer. Det betyder at, regionen nu har endnu et kursus at udbyde.<\/p>\n<p>Da eftersp\u00f8rgslen p\u00e5 mere tr\u00e6ning var stor, fortsatte Grundlydighed, Jagtbegynder og Jagt \u00d8vede med weekendtr\u00e6ning hen over efter\u00e5ret og vinteren frem mod Vintertr\u00e6ningen.<\/p>\n<p>Alt, hvad vi laver i regionen \u2013 tr\u00e6ning, pr\u00f8ver, arrangementer \u2013 bygger udelukkende p\u00e5 frivilligt arbejde. Og det er netop det, der g\u00f8r vores region s\u00e5 st\u00e6rk. Vi skal ikke underkende betydningen og virkningen af, den positive stemning, det venlige milj\u00f8 og sammenholdet p\u00e5 tr\u00e6ningspladsen, det er netop det der har givet os vores rigtig flotte image.<\/p>\n<p>En k\u00e6mpe stor tak til alle jer tr\u00e6nere og til bestyrelsen, uden jer ingen aktiviteter, sammen b\u00e6rer vi regionen.<\/p>\n<p>Ogs\u00e5 en stor tak til de medlemmer, der giver en hj\u00e6lpende h\u00e5nd til vores arrangementer. Vi s\u00e6tter stor pris p\u00e5 jeres hj\u00e6lp.<\/p>\n<p>&nbsp;<\/p>\n<p>P\u00e5 bestyrelsens vegne<\/p>\n<p>Dorthe Schultz-Larsen<\/p>\n<ol start=\"13\">\n<li>januar 2025<\/li>\n<\/ol>\n<p>Formandens beretning blev enstemmigt godkendt<\/p>\n<p>&nbsp;<\/p>\n<ol start=\"5\">\n<li><strong> Kasseren freml\u00e6gger regnskabet <\/strong><\/li>\n<\/ol>\n<p>Formanden fremlagde posterne i regnskabet p\u00e5 vegne af kasseren.<\/p>\n<p>&nbsp;<\/p>\n<p>Regnskabet blev enstemmigt godkendt.<\/p>\n<p>&nbsp;<\/p>\n<ol start=\"6\">\n<li><strong> Behandling af indkomne forslag<\/strong><\/li>\n<\/ol>\n<p>Bestyrelsen havde ikke modtaget nogen forslag<\/p>\n<p>&nbsp;<\/p>\n<ol start=\"7\">\n<li><strong> Valg regions bestyrelsesmedlemmer, p\u00e5 valg er:<\/strong><\/li>\n<\/ol>\n<p>Julia Schumann \u2013 villig til genvalg<\/p>\n<p>Nina Lambert Nielsen \u2013 villig til genvalg<\/p>\n<p>Begge blev valgt<\/p>\n<p>&nbsp;<\/p>\n<ol start=\"8\">\n<li><strong> Valg af suppleanter:<\/strong><\/li>\n<\/ol>\n<p>Lotte Petersen &#8211; \u00f8nsker ikke genvalg<\/p>\n<p>Amilla Bang \u2013 villig til genvalg<\/p>\n<p>Michael Seemann stiller op som suppleant<\/p>\n<p>Amilla og Michael Seemann blev valgt<\/p>\n<p>&nbsp;<\/p>\n<ol start=\"9\">\n<li><strong> Valg af revisor:<\/strong><\/li>\n<\/ol>\n<p>Michael Hammerich &#8211; villig til genvalg<\/p>\n<p>Michael blev genvalgt<\/p>\n<p>&nbsp;<\/p>\n<ol start=\"10\">\n<li><strong> Eventuelt<\/strong><\/li>\n<\/ol>\n<p>Slangerup jagtforening siger tak for det gode samarbejde.<\/p>\n<p>SPK Nordsj\u00e6lland vil gerne v\u00e6re med i aftalen om projekt\u00f8rer p\u00e5 skydebanen &#8211; vil blive diskuteret i forbindelse med samarbejdsaftalen om vejen.<\/p>\n<p>Til inspiration fortalte JC fra Jagtforeningen om deres erfaringer med at lave en h\u00e5ndbog hvor alle nuv\u00e6rende praksisser er beskrevet.<\/p>\n<p>&nbsp;<\/p>\n<p>Generalforsamlingen blev afsluttet 19:31<\/p>\n<p>&nbsp;<\/p>\n<p><strong>Bestyrelsens sammens\u00e6tning:<\/strong><\/p>\n<p>Efter generalforsamlingen konstituerede bestyrelsen sig som f\u00f8lger:<\/p>\n<p>Formand: Dorthe Schultz-Larsen<\/p>\n<p>N\u00e6stformand: Nina Lambert Nielsen<\/p>\n<p>Kasserer: Amanda Schultz-Nielsen<\/p>\n<p>Bestyrelsesmedlemmer: Michael Schousboe og Julia Schumann<\/p>\n<p>Suppleanter: Amilla Bang og Michael Seemann<\/p>\n<p>&nbsp;<\/p>\n","protected":false},"excerpt":{"rendered":"<p>Spanielklubben Nordsj\u00e6lland Referat Generalforsamling 13-Januar-2026 &nbsp; Agenda\/ Dagsorden Valg af dirigent Valg af referent Valg af stemmet\u00e6llere Formandens beretning v\/Dorthe Schultz-Larsen Kassereren freml\u00e6gger regnskabet v\/ Amanda Schultz og Michael Hammerich Behandling af indkomne forslag Valg af regions bestyrelsesmedlemmer Valg af suppleanter Valg af revisor Eventuelt &nbsp; Start 19:00 &nbsp; Valg af dirigent Bestyrelsen foresl\u00e5r Michael &hellip; <a href=\"https:\/\/spanielklubben-nordsjaelland.dk\/?page_id=2910\" class=\"more-link\">L\u00e6s videre <span class=\"screen-reader-text\">Generalforsamling 2026<\/span> <span class=\"meta-nav\">&rarr;<\/span><\/a><\/p>\n","protected":false},"author":3,"featured_media":0,"parent":1962,"menu_order":0,"comment_status":"closed","ping_status":"closed","template":"","meta":{"footnotes":""},"class_list":["post-2910","page","type-page","status-publish","hentry"],"_links":{"self":[{"href":"https:\/\/spanielklubben-nordsjaelland.dk\/index.php?rest_route=\/wp\/v2\/pages\/2910","targetHints":{"allow":["GET"]}}],"collection":[{"href":"https:\/\/spanielklubben-nordsjaelland.dk\/index.php?rest_route=\/wp\/v2\/pages"}],"about":[{"href":"https:\/\/spanielklubben-nordsjaelland.dk\/index.php?rest_route=\/wp\/v2\/types\/page"}],"author":[{"embeddable":true,"href":"https:\/\/spanielklubben-nordsjaelland.dk\/index.php?rest_route=\/wp\/v2\/users\/3"}],"replies":[{"embeddable":true,"href":"https:\/\/spanielklubben-nordsjaelland.dk\/index.php?rest_route=%2Fwp%2Fv2%2Fcomments&post=2910"}],"version-history":[{"count":1,"href":"https:\/\/spanielklubben-nordsjaelland.dk\/index.php?rest_route=\/wp\/v2\/pages\/2910\/revisions"}],"predecessor-version":[{"id":2911,"href":"https:\/\/spanielklubben-nordsjaelland.dk\/index.php?rest_route=\/wp\/v2\/pages\/2910\/revisions\/2911"}],"up":[{"embeddable":true,"href":"https:\/\/spanielklubben-nordsjaelland.dk\/index.php?rest_route=\/wp\/v2\/pages\/1962"}],"wp:attachment":[{"href":"https:\/\/spanielklubben-nordsjaelland.dk\/index.php?rest_route=%2Fwp%2Fv2%2Fmedia&parent=2910"}],"curies":[{"name":"wp","href":"https:\/\/api.w.org\/{rel}","templated":true}]}}