{"id":2914,"date":"2026-02-14T10:22:43","date_gmt":"2026-02-14T10:22:43","guid":{"rendered":"https:\/\/spanielklubben-nordsjaelland.dk\/?page_id=2914"},"modified":"2026-02-14T10:22:43","modified_gmt":"2026-02-14T10:22:43","slug":"generalforsamling-2023","status":"publish","type":"page","link":"https:\/\/spanielklubben-nordsjaelland.dk\/?page_id=2914","title":{"rendered":"Generalforsamling 2023"},"content":{"rendered":"<h1>Spanielklubben Nordsj\u00e6lland<\/h1>\n<h2>Referat Generalforsamling 17-Januar-2023<\/h2>\n<p>&nbsp;<\/p>\n<p><strong>Agenda\/ Dagsorden<\/strong><\/p>\n<ol>\n<li>Valg af dirigent<\/li>\n<li>Valg af stemmet\u00e6llere<\/li>\n<li>Formandens beretning v\/Dorthe Schultz-Larsen<\/li>\n<li>Kassereren freml\u00e6gger regnskabet v\/ Amanda Schultz og Torben Petersen<\/li>\n<li>Behandling af indkomne forslag<\/li>\n<li>Valg af regions bestyrelsesmedlemmer<\/li>\n<li>Valg af suppleanter og revisor<\/li>\n<li>Eventuelt<\/li>\n<\/ol>\n<p><strong>\u00a0<\/strong><\/p>\n<ol>\n<li><strong> Valg af dirigent<\/strong><\/li>\n<\/ol>\n<p>Michael Hammerich valgt som ordstyrer. Det blev konstateret at generalforsamlingen var lovligt varslet.<\/p>\n<p>Der var 14 stemmeberettigede og 2 andre tilstede<\/p>\n<p>Michael Schousboe blev valgt som referent<\/p>\n<p>&nbsp;<\/p>\n<ol start=\"2\">\n<li><strong> Stemmet\u00e6ller:<\/strong><\/li>\n<\/ol>\n<p>Mads Jepsen blev valgt som stemmet\u00e6ller<\/p>\n<p>&nbsp;<\/p>\n<ol start=\"3\">\n<li><strong> Formandens beretning<\/strong><\/li>\n<\/ol>\n<p>Formanden Dorthe Schultz-Larsen fremlagde beretningen (indsat her):<\/p>\n<p><strong><em>Formandsberetning til Spanielklubben Region Nordsj\u00e6llands<\/em><\/strong><em>\u00a0\u00a0\u00a0\u00a0\u00a0\u00a0 Generalforsamling 17. januar 2023<\/em><\/p>\n<p><em>2022 et \u00e5r uden nedlukning og restriktioner s\u00e5 vi fik lavet fuldt program p\u00e5 tr\u00e6ningstilbud.<\/em><\/p>\n<p><em>Vintertr\u00e6ningen blev afholdt med stor deltagelse og i samarbejde med b\u00e5de region 2 og 3. Alle s\u00f8ndage i februar og f\u00f8rste s\u00f8ndag i marts. Der var jagttr\u00e6ning for begyndere og jagttr\u00e6ning for \u00f8vede, p\u00e5 skemaet.\u00a0 Hold nu op en tilslutning ca. 50 ekvipager.<\/em><\/p>\n<p><em>Vi tr\u00e6nede heroppe i vores egen region 1 enkelt gang, 1 gang i region 2 og 3 gange i region 3, alle steder er fantastisk terr\u00e6n med masser af sp\u00e6ndende tr\u00e6nings muligheder. <\/em><\/p>\n<p><em>Det er et samarbejde som alle regionerne er enige om at fors\u00e6tte i 2023. <\/em><\/p>\n<p><em>I marts havde Thomas Iversen, tilrettelagt og arrangeret en spor-temadag for tr\u00e6nerne som blev holdt hos Nina og Mads. Det var sjovt og udfordrerne, at skulle l\u00e6gge spor for hinanden, vi fik godt nok g\u00e5et vores 10.000 skridt den dag og hundene var godt tr\u00e6tte efter en lang og intens dag. <\/em><\/p>\n<p><em>Tirsdag 26. april kl. 17:00 stod tr\u00e6nerne klar til at modtage holdene p\u00e5 tr\u00e6ningspladsen.\u00a0 Denne gang med en ny deltager, Katrine Busch. Vi er virkelig glade for at havde f\u00e5et dig med p\u00e5 holdet.\u00a0\u00a0\u00a0\u00a0\u00a0\u00a0\u00a0\u00a0\u00a0\u00a0\u00a0\u00a0\u00a0\u00a0\u00a0\u00a0\u00a0\u00a0\u00a0\u00a0\u00a0\u00a0\u00a0\u00a0\u00a0\u00a0\u00a0\u00a0\u00a0\u00a0\u00a0\u00a0\u00a0\u00a0\u00a0\u00a0\u00a0\u00a0\u00a0\u00a0\u00a0\u00a0\u00a0\u00a0\u00a0\u00a0\u00a0\u00a0\u00a0\u00a0\u00a0\u00a0\u00a0\u00a0\u00a0\u00a0\u00a0\u00a0\u00a0\u00a0\u00a0\u00a0\u00a0\u00a0\u00a0\u00a0\u00a0\u00a0\u00a0\u00a0\u00a0\u00a0\u00a0\u00a0\u00a0\u00a0\u00a0\u00a0\u00a0\u00a0\u00a0\u00a0\u00a0\u00a0\u00a0\u00a0\u00a0\u00a0\u00a0\u00a0\u00a0\u00a0\u00a0\u00a0 Tr\u00e6ningen blev afholdt med stor deltagelse endnu engang p\u00e5 alle holdene.\u00a0\u00a0\u00a0\u00a0\u00a0\u00a0\u00a0\u00a0\u00a0\u00a0\u00a0\u00a0\u00a0\u00a0\u00a0\u00a0\u00a0\u00a0\u00a0\u00a0\u00a0\u00a0\u00a0\u00a0\u00a0\u00a0\u00a0\u00a0\u00a0\u00a0\u00a0\u00a0\u00a0\u00a0\u00a0\u00a0\u00a0\u00a0\u00a0\u00a0\u00a0\u00a0\u00a0\u00a0\u00a0\u00a0\u00a0\u00a0\u00a0\u00a0\u00a0\u00a0\u00a0\u00a0\u00a0\u00a0\u00a0\u00a0\u00a0\u00a0\u00a0\u00a0\u00a0\u00a0\u00a0\u00a0\u00a0\u00a0\u00a0\u00a0\u00a0\u00a0\u00a0\u00a0\u00a0\u00a0\u00a0\u00a0\u00a0\u00a0\u00a0\u00a0\u00a0\u00a0\u00a0\u00a0\u00a0\u00a0\u00a0\u00a0\u00a0\u00a0\u00a0\u00a0\u00a0\u00a0\u00a0\u00a0\u00a0\u00a0\u00a0\u00a0\u00a0\u00a0\u00a0\u00a0\u00a0\u00a0\u00a0\u00a0\u00a0\u00a0\u00a0\u00a0\u00a0\u00a0\u00a0\u00a0\u00a0\u00a0\u00a0\u00a0 Det var rart endeligt, at kunne planl\u00e6gge og udf\u00f8re tr\u00e6ning uden, at skulle huske p\u00e5 diverse restriktioner. <\/em><\/p>\n<p><em>Regionen var v\u00e6rt for Spanielklubbens klubmesterskab 2022 som blev afholdt 18. juni, i samarbejde med BHU, p\u00e5 arealerne hos Nina og Mads. Der var \u00e5bnet for pr\u00f8ver i, Dressur 1 og 2,\u00a0 Apportering samt Sl\u00e6b og apportering.<\/em><\/p>\n<p><em>Det var en superhyggelig og meget aktiv dag, med en lang deltagerliste. Der blev vist meget flot hundearbejde. S\u00e5 flot at Apporteringspr\u00f8ven m\u00e5tte ud i en apportering p\u00e5 tid, for at f\u00e5 afgjort placeringen. Der blev heppet og klappet p\u00e5 duellanterne som sammen med deres hunde, levererede en sp\u00e6ndende dyst.\u00a0\u00a0\u00a0\u00a0\u00a0\u00a0\u00a0\u00a0\u00a0\u00a0\u00a0\u00a0\u00a0\u00a0\u00a0\u00a0\u00a0\u00a0\u00a0\u00a0\u00a0\u00a0\u00a0\u00a0\u00a0\u00a0\u00a0\u00a0\u00a0\u00a0\u00a0\u00a0\u00a0\u00a0\u00a0\u00a0\u00a0\u00a0\u00a0\u00a0\u00a0\u00a0\u00a0\u00a0\u00a0\u00a0\u00a0\u00a0\u00a0\u00a0\u00a0\u00a0 Minipr\u00f8ver og bamsegrib, blev afpr\u00f8vet og traditionen tro stod menuen p\u00e5 fl\u00e6skestegssandwich. <\/em><\/p>\n<p><em>Sidst i august startede vi tr\u00e6ningen op, med alle hold fyldt, af dejlige og glade spaniels med deres ejere. Det er stadigv\u00e6k overv\u00e6ldende at se den store tilslutning, der er til regionens tr\u00e6ningstilbud. Det er vi meget taknemmelige for. <\/em><\/p>\n<p><em>Den afsluttende pr\u00f8vedag, m\u00e5tte desv\u00e6rre aflyses pga. mangel p\u00e5 dommer. <\/em><\/p>\n<p><em>Jagttr\u00e6ningen forsatte p\u00e5 udvalgte weekenddage over efter\u00e5ret og vinteren. <\/em><\/p>\n<p><em>Ligeledes var er Spottr\u00e6ning for unghunden som k\u00f8rte i december og januar. <\/em><\/p>\n<p><em>November b\u00f8d p\u00e5 2 foredrags aftener som Katrine havde arrangeret:<\/em><\/p>\n<ol start=\"8\">\n<li><em> november var Irene Jarnved p\u00e5 bes\u00f8g, for at fort\u00e6lle om hundesprog. Det var en aften med gode snakke og deling af gode og mindre gode erfaringer ifbm. Hundens sprog og signaler.<\/em><\/li>\n<li><em> november havde vi bes\u00f8g af Marie-Louise fra Hundetjeknr. 1 som fortalte om hundes krop, f\u00f8rste hj\u00e6lpe til hunden og hvordan man kan opvarme sin hund, inden den skal ud og yde sit maximale i tr\u00e6ning eller p\u00e5 jagten. Alle kunne pr\u00f8ve at forbinde poter, give hjertemassage, finde pulsen (hvilket er meget sv\u00e6rt) og meget andet. Det var en rigtig sp\u00e6ndende aften.<\/em><\/li>\n<\/ol>\n<p><em>Slutteligt en k\u00e6mpestor tak til alle tr\u00e6nerne, der st\u00e5r p\u00e5 tr\u00e6ningspladsen hver tirsdag og leverer engageret tr\u00e6ning, vejledning og gode r\u00e5d, til alle vores kursister.<\/em><\/p>\n<p><em>Tak for jeres store indsats i alle regionens \u00f8vrige aktiviteter. Det er pga. jer vi kan opretholde det store udbud af tr\u00e6ning, pr\u00f8ver og andre hyggelige spanielarrangementer som regionen afholder.\u00a0\u00a0\u00a0\u00a0\u00a0\u00a0\u00a0\u00a0\u00a0\u00a0\u00a0\u00a0\u00a0\u00a0\u00a0\u00a0\u00a0\u00a0\u00a0\u00a0\u00a0\u00a0\u00a0\u00a0\u00a0\u00a0\u00a0\u00a0\u00a0\u00a0\u00a0\u00a0\u00a0\u00a0\u00a0\u00a0 Tusind tak til de frivillige medlemmer der melder sig som hj\u00e6lpere til vores arrangementer og bidrager til at vi kan afholde alle vore arrangementer over \u00e5ret. <\/em><\/p>\n<p><em>P\u00e5 bestyrelsens vegne<\/em><\/p>\n<p><em>Dorthe Schultz-Larsen &#8211; 17.\u00a0 januar 2023<\/em><\/p>\n<p>Formandens beretning blev godkendt<\/p>\n<p>&nbsp;<\/p>\n<ol start=\"4\">\n<li><strong> Kassereren freml\u00e6gger regnskabet<\/strong><\/li>\n<\/ol>\n<p>Kassereren Amanda Schultz-Nielsen fremlagde regnskabet.<\/p>\n<p>I 2022 er der afholdt flere kurser, og derfor st\u00f8rre indt\u00e6gter, og f\u00e6rre pr\u00f8ver.<\/p>\n<p>Vintertr\u00e6ningen blev dyrere i 2022 fordi indt\u00e6gterne skulle deles mellem de tre regioner.<\/p>\n<p>Kurser til tr\u00e6nere blev bevilliget i 2022<\/p>\n<p>\u00c5ret endte med et p\u00e6nt overskud &#8211; noget af det vil blive brugt til jubil\u00e6umsaktiviteter i 2023 (90 \u00e5r).<\/p>\n<p>Regnskabet blev enstemmigt godkendt og der blev meddelt decharge<\/p>\n<p>&nbsp;<\/p>\n<ol start=\"5\">\n<li><strong> Behandling af indkomne forslag<\/strong><\/li>\n<\/ol>\n<p>Ingen forslag modtaget<\/p>\n<p>&nbsp;<\/p>\n<ol start=\"6\">\n<li><strong> Valg af bestyrelsesmedlemmer<\/strong><\/li>\n<\/ol>\n<p>Lotte Pedersen \u2013 Valgt for 2 \u00e5r &#8211; villig til genvalg<\/p>\n<p>Amanda Schultz-Nielsen \u2013 Valgt for 2 \u00e5r &#8211; villig til genvalg<\/p>\n<p>Dorthe Schultz-Larsen \u2013 valgt for 2 \u00e5r &#8211; villig til genvalg<\/p>\n<p>Ingen andre kandidater stillede op.<\/p>\n<p>De tre bestyrelses kandidater blev enstemmigt envalgt<\/p>\n<p>&nbsp;<\/p>\n<ol start=\"7\">\n<li><strong> Valg af suppleanter og Revisor<\/strong><\/li>\n<\/ol>\n<p>Michael Schousboe \u2013 villig til genvalg<\/p>\n<p>Regitze Elliot &#8211; villig til genvalg<\/p>\n<p>Ingen andre kandidater stillede op \u2013 Regitze og Michael blev genvalgt for 1 \u00e5r.<\/p>\n<p>Revisor: Torben Pedersen blev genvalgt som revisor for 1 \u00e5r<\/p>\n<p>&nbsp;<\/p>\n<ol start=\"8\">\n<li><strong> Eventuelt<\/strong><\/li>\n<\/ol>\n<p>Et medlem udtrykte tak til tr\u00e6nere og bestyrelse for rigtig godt arbejde i det forgangne \u00e5r<\/p>\n<p>Formanden fortalte om nogle af aktiviteterne p\u00e5 tegnebr\u00e6ttet til 90 \u00e5rs fejringen. Der vil v\u00e6re aktiviteter spredt ud over \u00e5ret.<\/p>\n<p>Hovedklubben har doneret et bel\u00f8b til regionen b\u00e5ndlagt til jubil\u00e6ums aktiviteter.<\/p>\n<p>Michael Hammerich fortalte om nogle af aktiviteterne fra Hovedklubben.<\/p>\n<p>22 april 2023 er der SPK jubil\u00e6umsudstilling i Ebberup hallen p\u00e5 Fyn<\/p>\n<p>20 Maj 2023 er der Specialklub udstilling i Horsens &#8211; nok den st\u00f8rste aktivitet de sidste 10-15 \u00e5r. Der vil blive anmodet om hj\u00e6lp og is\u00e6r ring personale fra lokalklubberne.<\/p>\n<p>Generalforsamlingen blev afsluttet 19.33<\/p>\n<p>&nbsp;<\/p>\n<p><strong>Bestyrelsens sammens\u00e6tning<\/strong><\/p>\n<p>Efter Generalforsamlingen konsoliderede den nye bestyrelse sig med f\u00f8lgende poster:<\/p>\n<p>Formand:\u00a0\u00a0\u00a0\u00a0\u00a0\u00a0\u00a0\u00a0 Dorthe Schultz-Larsen<\/p>\n<p>N\u00e6stformand:\u00a0\u00a0\u00a0\u00a0\u00a0\u00a0\u00a0\u00a0\u00a0\u00a0\u00a0\u00a0\u00a0\u00a0\u00a0\u00a0\u00a0\u00a0\u00a0\u00a0\u00a0\u00a0\u00a0\u00a0\u00a0\u00a0\u00a0 Nina Lambert Nielsen<\/p>\n<p>Kasserer:\u00a0\u00a0\u00a0\u00a0\u00a0\u00a0\u00a0\u00a0\u00a0 Amanda Schultz-Nielsen<\/p>\n<p>Menige medlemmer:<\/p>\n<p>Julia Schumann<\/p>\n<p>Lotte Pedersen<\/p>\n<p>Revisor:\u00a0\u00a0\u00a0\u00a0\u00a0\u00a0\u00a0\u00a0\u00a0\u00a0\u00a0\u00a0 Torben Petersen<\/p>\n<p>Suppleanter\u00a0\u00a0\u00a0 Regitze Elliot<\/p>\n<p>Michael Schousboe<\/p>\n","protected":false},"excerpt":{"rendered":"<p>Spanielklubben Nordsj\u00e6lland Referat Generalforsamling 17-Januar-2023 &nbsp; Agenda\/ Dagsorden Valg af dirigent Valg af stemmet\u00e6llere Formandens beretning v\/Dorthe Schultz-Larsen Kassereren freml\u00e6gger regnskabet v\/ Amanda Schultz og Torben Petersen Behandling af indkomne forslag Valg af regions bestyrelsesmedlemmer Valg af suppleanter og revisor Eventuelt \u00a0 Valg af dirigent Michael Hammerich valgt som ordstyrer. Det blev konstateret at generalforsamlingen &hellip; <a href=\"https:\/\/spanielklubben-nordsjaelland.dk\/?page_id=2914\" class=\"more-link\">L\u00e6s videre <span class=\"screen-reader-text\">Generalforsamling 2023<\/span> <span class=\"meta-nav\">&rarr;<\/span><\/a><\/p>\n","protected":false},"author":3,"featured_media":0,"parent":1962,"menu_order":0,"comment_status":"closed","ping_status":"closed","template":"","meta":{"footnotes":""},"class_list":["post-2914","page","type-page","status-publish","hentry"],"_links":{"self":[{"href":"https:\/\/spanielklubben-nordsjaelland.dk\/index.php?rest_route=\/wp\/v2\/pages\/2914","targetHints":{"allow":["GET"]}}],"collection":[{"href":"https:\/\/spanielklubben-nordsjaelland.dk\/index.php?rest_route=\/wp\/v2\/pages"}],"about":[{"href":"https:\/\/spanielklubben-nordsjaelland.dk\/index.php?rest_route=\/wp\/v2\/types\/page"}],"author":[{"embeddable":true,"href":"https:\/\/spanielklubben-nordsjaelland.dk\/index.php?rest_route=\/wp\/v2\/users\/3"}],"replies":[{"embeddable":true,"href":"https:\/\/spanielklubben-nordsjaelland.dk\/index.php?rest_route=%2Fwp%2Fv2%2Fcomments&post=2914"}],"version-history":[{"count":1,"href":"https:\/\/spanielklubben-nordsjaelland.dk\/index.php?rest_route=\/wp\/v2\/pages\/2914\/revisions"}],"predecessor-version":[{"id":2915,"href":"https:\/\/spanielklubben-nordsjaelland.dk\/index.php?rest_route=\/wp\/v2\/pages\/2914\/revisions\/2915"}],"up":[{"embeddable":true,"href":"https:\/\/spanielklubben-nordsjaelland.dk\/index.php?rest_route=\/wp\/v2\/pages\/1962"}],"wp:attachment":[{"href":"https:\/\/spanielklubben-nordsjaelland.dk\/index.php?rest_route=%2Fwp%2Fv2%2Fmedia&parent=2914"}],"curies":[{"name":"wp","href":"https:\/\/api.w.org\/{rel}","templated":true}]}}