{"id":988,"date":"2015-06-28T14:52:09","date_gmt":"2015-06-28T14:52:09","guid":{"rendered":"http:\/\/spanielklubben-nordsjaelland.dk\/?page_id=988"},"modified":"2018-07-23T15:01:33","modified_gmt":"2018-07-23T15:01:33","slug":"forsikring-vaccination","status":"publish","type":"page","link":"https:\/\/spanielklubben-nordsjaelland.dk\/?page_id=988","title":{"rendered":"Forsikring &#038; vaccination"},"content":{"rendered":"<p>Forsikring og vaccinationsattest.<\/p>\n<p>Vi g\u00f8r opm\u00e6rksom p\u00e5 at alle hunde p\u00e5 vores tr\u00e6nings plads skal v\u00e6re d\u00e6kket af en forsikring, omfattende tr\u00e6ning.<\/p>\n<p>Desuden skal alle hunde der befinder sig p\u00e5 arealerne v\u00e6re vaccineret.<\/p>\n<p>Vaccinations bog skal kunne fremvises p\u00e5 f\u00f8rste tr\u00e6nings dag.<\/p>\n","protected":false},"excerpt":{"rendered":"<p>Forsikring og vaccinationsattest. Vi g\u00f8r opm\u00e6rksom p\u00e5 at alle hunde p\u00e5 vores tr\u00e6nings plads skal v\u00e6re d\u00e6kket af en forsikring, omfattende tr\u00e6ning. Desuden skal alle hunde der befinder sig p\u00e5 arealerne v\u00e6re vaccineret. Vaccinations bog skal kunne fremvises p\u00e5 f\u00f8rste tr\u00e6nings dag.<\/p>\n","protected":false},"author":2,"featured_media":0,"parent":0,"menu_order":60,"comment_status":"closed","ping_status":"closed","template":"","meta":{"footnotes":""},"class_list":["post-988","page","type-page","status-publish","hentry"],"_links":{"self":[{"href":"https:\/\/spanielklubben-nordsjaelland.dk\/index.php?rest_route=\/wp\/v2\/pages\/988","targetHints":{"allow":["GET"]}}],"collection":[{"href":"https:\/\/spanielklubben-nordsjaelland.dk\/index.php?rest_route=\/wp\/v2\/pages"}],"about":[{"href":"https:\/\/spanielklubben-nordsjaelland.dk\/index.php?rest_route=\/wp\/v2\/types\/page"}],"author":[{"embeddable":true,"href":"https:\/\/spanielklubben-nordsjaelland.dk\/index.php?rest_route=\/wp\/v2\/users\/2"}],"replies":[{"embeddable":true,"href":"https:\/\/spanielklubben-nordsjaelland.dk\/index.php?rest_route=%2Fwp%2Fv2%2Fcomments&post=988"}],"version-history":[{"count":2,"href":"https:\/\/spanielklubben-nordsjaelland.dk\/index.php?rest_route=\/wp\/v2\/pages\/988\/revisions"}],"predecessor-version":[{"id":1511,"href":"https:\/\/spanielklubben-nordsjaelland.dk\/index.php?rest_route=\/wp\/v2\/pages\/988\/revisions\/1511"}],"wp:attachment":[{"href":"https:\/\/spanielklubben-nordsjaelland.dk\/index.php?rest_route=%2Fwp%2Fv2%2Fmedia&parent=988"}],"curies":[{"name":"wp","href":"https:\/\/api.w.org\/{rel}","templated":true}]}}